{"id":173,"date":"2024-10-28T08:55:49","date_gmt":"2024-10-28T07:55:49","guid":{"rendered":"https:\/\/amazoniac.agency\/sl\/?page_id=173"},"modified":"2025-02-11T16:04:34","modified_gmt":"2025-02-11T15:04:34","slug":"vodenje-amazon-racuna","status":"publish","type":"page","link":"https:\/\/amazoniac.agency\/sl\/amazoniac-storitve\/vodenje-amazon-racuna\/","title":{"rendered":"Vodenje Amazon ra\u010duna"},"content":{"rendered":"<p><div class=\"fusion-fullwidth fullwidth-box fusion-builder-row-1 fusion-flex-container has-pattern-background has-mask-background fusion-parallax-none nonhundred-percent-fullwidth non-hundred-percent-height-scrolling\" style=\"--awb-background-blend-mode:multiply;--awb-border-radius-top-left:0px;--awb-border-radius-top-right:0px;--awb-border-radius-bottom-right:0px;--awb-border-radius-bottom-left:0px;--awb-margin-bottom:70px;--awb-background-color:#ffa62b;--awb-background-image:url(&quot;https:\/\/amazoniac.agency\/sl\/wp-content\/uploads\/2024\/10\/Amazon-operations-background-1920-\u00d7-1280-px.jpg&quot;);--awb-background-size:cover;--awb-flex-wrap:wrap;\" ><div class=\"fusion-builder-row fusion-row fusion-flex-align-items-flex-start fusion-flex-content-wrap\" style=\"max-width:1258.4px;margin-left: calc(-4% \/ 2 );margin-right: calc(-4% \/ 2 );\"><div class=\"fusion-layout-column fusion_builder_column fusion-builder-column-0 fusion_builder_column_1_1 1_1 fusion-flex-column\" style=\"--awb-padding-top:50px;--awb-padding-bottom:50px;--awb-bg-size:cover;--awb-width-large:100%;--awb-margin-top-large:0px;--awb-spacing-right-large:1.92%;--awb-margin-bottom-large:0px;--awb-spacing-left-large:1.92%;--awb-width-medium:100%;--awb-order-medium:0;--awb-spacing-right-medium:1.92%;--awb-spacing-left-medium:1.92%;--awb-width-small:100%;--awb-order-small:0;--awb-spacing-right-small:1.92%;--awb-spacing-left-small:1.92%;\" data-scroll-devices=\"small-visibility,medium-visibility,large-visibility\"><div class=\"fusion-column-wrapper fusion-column-has-shadow fusion-flex-justify-content-flex-start fusion-content-layout-column\"><div class=\"fusion-title title fusion-title-1 fusion-sep-none fusion-title-center fusion-title-text fusion-title-size-one\" style=\"--awb-text-color:var(--awb-color1);--awb-margin-top:30px;--awb-margin-bottom:30px;\"><h1 class=\"fusion-title-heading title-heading-center\" style=\"margin:0;text-transform:uppercase;\">Vodenje Amazon ra\u010duna<\/h1><\/div><\/div><\/div><\/div><\/div><div class=\"fusion-fullwidth fullwidth-box fusion-builder-row-2 fusion-flex-container has-pattern-background has-mask-background nonhundred-percent-fullwidth non-hundred-percent-height-scrolling\" style=\"--awb-border-radius-top-left:0px;--awb-border-radius-top-right:0px;--awb-border-radius-bottom-right:0px;--awb-border-radius-bottom-left:0px;--awb-margin-bottom:70px;--awb-flex-wrap:wrap;\" ><div class=\"fusion-builder-row fusion-row fusion-flex-align-items-flex-start fusion-flex-content-wrap\" style=\"max-width:1258.4px;margin-left: calc(-4% \/ 2 );margin-right: calc(-4% \/ 2 );\"><div class=\"fusion-layout-column fusion_builder_column fusion-builder-column-1 fusion_builder_column_1_1 1_1 fusion-flex-column\" style=\"--awb-bg-size:cover;--awb-width-large:100%;--awb-margin-top-large:0px;--awb-spacing-right-large:1.92%;--awb-margin-bottom-large:20px;--awb-spacing-left-large:1.92%;--awb-width-medium:100%;--awb-order-medium:0;--awb-spacing-right-medium:1.92%;--awb-spacing-left-medium:1.92%;--awb-width-small:100%;--awb-order-small:0;--awb-spacing-right-small:1.92%;--awb-spacing-left-small:1.92%;\"><div class=\"fusion-column-wrapper fusion-column-has-shadow fusion-flex-justify-content-flex-start fusion-content-layout-column\"><div class=\"fusion-title title fusion-title-2 fusion-sep-none fusion-title-center fusion-title-text fusion-title-size-two\" style=\"--awb-margin-bottom:50px;\"><h2 class=\"fusion-title-heading title-heading-center\" style=\"margin:0;text-transform:uppercase;\">Storitve, ki jih opravljamo za vas<\/h2><\/div><div class=\"fusion-text fusion-text-1\"><ul>\n<li>Dodajanje in optimizacija izdelkov \/ Amazon listingov<\/li>\n<li>Upravljanje in optimizacija Amazon PPC ogla\u0161evanja<\/li>\n<li>Vodenje zaloge v Amazon FBA skladi\u0161\u010dih v Severni Ameriki in Evropi<\/li>\n<li>Komunikacija s Seller Supportom in Premium Seller Supportom<\/li>\n<li>Vodenje celotnega Amazon Seller Central in Amazon Vendor Central ra\u010duna<\/li>\n<li>Prilagojena mese\u010dna poro\u010dila<\/li>\n<li>Ostale storitve po dogovoru<\/li>\n<\/ul>\n<\/div><\/div><\/div><\/div><\/div><div class=\"fusion-fullwidth fullwidth-box fusion-builder-row-3 fusion-flex-container has-pattern-background has-mask-background aa-contact-us-container nonhundred-percent-fullwidth non-hundred-percent-height-scrolling\" style=\"--awb-border-radius-top-left:0px;--awb-border-radius-top-right:0px;--awb-border-radius-bottom-right:0px;--awb-border-radius-bottom-left:0px;--awb-padding-top:50px;--awb-padding-bottom:50px;--awb-margin-bottom:0px;--awb-background-color:#ffa022;--awb-flex-wrap:wrap;\" ><div class=\"fusion-builder-row fusion-row fusion-flex-align-items-flex-start fusion-flex-content-wrap\" style=\"max-width:1258.4px;margin-left: calc(-4% \/ 2 );margin-right: calc(-4% \/ 2 );\"><div class=\"fusion-layout-column fusion_builder_column fusion-builder-column-2 fusion_builder_column_1_1 1_1 fusion-flex-column fusion-flex-align-self-center\" style=\"--awb-padding-top:20px;--awb-padding-right:15px;--awb-padding-bottom:20px;--awb-padding-left:15px;--awb-bg-color:var(--awb-color1);--awb-bg-color-hover:var(--awb-color1);--awb-bg-size:cover;--awb-width-large:100%;--awb-margin-top-large:0px;--awb-spacing-right-large:1.92%;--awb-margin-bottom-large:0px;--awb-spacing-left-large:1.92%;--awb-width-medium:100%;--awb-order-medium:0;--awb-spacing-right-medium:1.92%;--awb-spacing-left-medium:1.92%;--awb-width-small:100%;--awb-order-small:0;--awb-spacing-right-small:1.92%;--awb-spacing-left-small:1.92%;\"><div class=\"fusion-column-wrapper fusion-column-has-shadow fusion-flex-justify-content-space-between fusion-content-layout-row\"><div class=\"fusion-text fusion-text-2 fusion-text-no-margin\" style=\"--awb-margin-top:10px;\"><p><strong>Vas zanima ve\u010d? Po\u0161ljite nam sporo\u010dilo ali vpra\u0161anje!<\/strong><\/p>\n<\/div><div ><a class=\"fusion-button button-flat fusion-button-default-size button-default fusion-button-default button-1 fusion-button-default-span fusion-button-default-type\" target=\"_self\" href=\"https:\/\/amazoniac.agency\/sl\/kontakt\/\"><i class=\"fa-envelope fas button-icon-left\" aria-hidden=\"true\"><\/i><span class=\"fusion-button-text\">Kontakt<\/span><\/a><\/div><\/div><\/div><\/div><\/div><\/p>\n","protected":false},"excerpt":{"rendered":"","protected":false},"author":2,"featured_media":0,"parent":51,"menu_order":0,"comment_status":"closed","ping_status":"closed","template":"100-width.php","meta":{"footnotes":""},"class_list":["post-173","page","type-page","status-publish","hentry"],"acf":[],"yoast_head":"<!-- This site is optimized with the Yoast SEO plugin v26.1.1 - https:\/\/yoast.com\/wordpress\/plugins\/seo\/ -->\n<title>Vodenje Amazon ra\u010duna - Amazoniac agency<\/title>\n<meta name=\"robots\" content=\"index, follow, max-snippet:-1, max-image-preview:large, max-video-preview:-1\" \/>\n<link rel=\"canonical\" href=\"https:\/\/amazoniac.agency\/sl\/amazoniac-storitve\/vodenje-amazon-racuna\/\" \/>\n<meta property=\"og:locale\" content=\"sl_SI\" \/>\n<meta property=\"og:type\" content=\"article\" \/>\n<meta property=\"og:title\" content=\"Vodenje Amazon ra\u010duna - Amazoniac agency\" \/>\n<meta property=\"og:url\" content=\"https:\/\/amazoniac.agency\/sl\/amazoniac-storitve\/vodenje-amazon-racuna\/\" \/>\n<meta property=\"og:site_name\" content=\"Amazoniac agency\" \/>\n<meta property=\"article:publisher\" content=\"https:\/\/www.facebook.com\/amazoniac.agency\" \/>\n<meta property=\"article:modified_time\" content=\"2025-02-11T15:04:34+00:00\" \/>\n<meta name=\"twitter:card\" content=\"summary_large_image\" \/>\n<meta name=\"twitter:label1\" content=\"Est. reading time\" \/>\n\t<meta name=\"twitter:data1\" content=\"1 minuta\" \/>\n<script type=\"application\/ld+json\" class=\"yoast-schema-graph\">{\"@context\":\"https:\/\/schema.org\",\"@graph\":[{\"@type\":\"WebPage\",\"@id\":\"https:\/\/amazoniac.agency\/sl\/amazoniac-storitve\/vodenje-amazon-racuna\/\",\"url\":\"https:\/\/amazoniac.agency\/sl\/amazoniac-storitve\/vodenje-amazon-racuna\/\",\"name\":\"Vodenje Amazon ra\u010duna - Amazoniac agency\",\"isPartOf\":{\"@id\":\"https:\/\/amazoniac.agency\/sl\/#website\"},\"datePublished\":\"2024-10-28T07:55:49+00:00\",\"dateModified\":\"2025-02-11T15:04:34+00:00\",\"breadcrumb\":{\"@id\":\"https:\/\/amazoniac.agency\/sl\/amazoniac-storitve\/vodenje-amazon-racuna\/#breadcrumb\"},\"inLanguage\":\"sl-SI\",\"potentialAction\":[{\"@type\":\"ReadAction\",\"target\":[\"https:\/\/amazoniac.agency\/sl\/amazoniac-storitve\/vodenje-amazon-racuna\/\"]}]},{\"@type\":\"BreadcrumbList\",\"@id\":\"https:\/\/amazoniac.agency\/sl\/amazoniac-storitve\/vodenje-amazon-racuna\/#breadcrumb\",\"itemListElement\":[{\"@type\":\"ListItem\",\"position\":1,\"name\":\"Home\",\"item\":\"https:\/\/amazoniac.agency\/sl\/\"},{\"@type\":\"ListItem\",\"position\":2,\"name\":\"Amazoniac storitve\",\"item\":\"https:\/\/amazoniac.agency\/sl\/amazoniac-storitve\/\"},{\"@type\":\"ListItem\",\"position\":3,\"name\":\"Vodenje Amazon ra\u010duna\"}]},{\"@type\":\"WebSite\",\"@id\":\"https:\/\/amazoniac.agency\/sl\/#website\",\"url\":\"https:\/\/amazoniac.agency\/sl\/\",\"name\":\"Amazoniac agency\",\"description\":\"\",\"publisher\":{\"@id\":\"https:\/\/amazoniac.agency\/sl\/#organization\"},\"potentialAction\":[{\"@type\":\"SearchAction\",\"target\":{\"@type\":\"EntryPoint\",\"urlTemplate\":\"https:\/\/amazoniac.agency\/sl\/?s={search_term_string}\"},\"query-input\":{\"@type\":\"PropertyValueSpecification\",\"valueRequired\":true,\"valueName\":\"search_term_string\"}}],\"inLanguage\":\"sl-SI\"},{\"@type\":\"Organization\",\"@id\":\"https:\/\/amazoniac.agency\/sl\/#organization\",\"name\":\"Amazoniac agency\",\"url\":\"https:\/\/amazoniac.agency\/sl\/\",\"logo\":{\"@type\":\"ImageObject\",\"inLanguage\":\"sl-SI\",\"@id\":\"https:\/\/amazoniac.agency\/sl\/#\/schema\/logo\/image\/\",\"url\":\"https:\/\/amazoniac.agency\/sl\/wp-content\/uploads\/2025\/02\/Logo_FB_01.jpg\",\"contentUrl\":\"https:\/\/amazoniac.agency\/sl\/wp-content\/uploads\/2025\/02\/Logo_FB_01.jpg\",\"width\":850,\"height\":850,\"caption\":\"Amazoniac agency\"},\"image\":{\"@id\":\"https:\/\/amazoniac.agency\/sl\/#\/schema\/logo\/image\/\"},\"sameAs\":[\"https:\/\/www.facebook.com\/amazoniac.agency\",\"https:\/\/www.linkedin.com\/company\/amazoniac-agency\"]}]}<\/script>\n<!-- \/ Yoast SEO plugin. -->","yoast_head_json":{"title":"Vodenje Amazon ra\u010duna - Amazoniac agency","robots":{"index":"index","follow":"follow","max-snippet":"max-snippet:-1","max-image-preview":"max-image-preview:large","max-video-preview":"max-video-preview:-1"},"canonical":"https:\/\/amazoniac.agency\/sl\/amazoniac-storitve\/vodenje-amazon-racuna\/","og_locale":"sl_SI","og_type":"article","og_title":"Vodenje Amazon ra\u010duna - Amazoniac agency","og_url":"https:\/\/amazoniac.agency\/sl\/amazoniac-storitve\/vodenje-amazon-racuna\/","og_site_name":"Amazoniac agency","article_publisher":"https:\/\/www.facebook.com\/amazoniac.agency","article_modified_time":"2025-02-11T15:04:34+00:00","twitter_card":"summary_large_image","twitter_misc":{"Est. reading time":"1 minuta"},"schema":{"@context":"https:\/\/schema.org","@graph":[{"@type":"WebPage","@id":"https:\/\/amazoniac.agency\/sl\/amazoniac-storitve\/vodenje-amazon-racuna\/","url":"https:\/\/amazoniac.agency\/sl\/amazoniac-storitve\/vodenje-amazon-racuna\/","name":"Vodenje Amazon ra\u010duna - Amazoniac agency","isPartOf":{"@id":"https:\/\/amazoniac.agency\/sl\/#website"},"datePublished":"2024-10-28T07:55:49+00:00","dateModified":"2025-02-11T15:04:34+00:00","breadcrumb":{"@id":"https:\/\/amazoniac.agency\/sl\/amazoniac-storitve\/vodenje-amazon-racuna\/#breadcrumb"},"inLanguage":"sl-SI","potentialAction":[{"@type":"ReadAction","target":["https:\/\/amazoniac.agency\/sl\/amazoniac-storitve\/vodenje-amazon-racuna\/"]}]},{"@type":"BreadcrumbList","@id":"https:\/\/amazoniac.agency\/sl\/amazoniac-storitve\/vodenje-amazon-racuna\/#breadcrumb","itemListElement":[{"@type":"ListItem","position":1,"name":"Home","item":"https:\/\/amazoniac.agency\/sl\/"},{"@type":"ListItem","position":2,"name":"Amazoniac storitve","item":"https:\/\/amazoniac.agency\/sl\/amazoniac-storitve\/"},{"@type":"ListItem","position":3,"name":"Vodenje Amazon ra\u010duna"}]},{"@type":"WebSite","@id":"https:\/\/amazoniac.agency\/sl\/#website","url":"https:\/\/amazoniac.agency\/sl\/","name":"Amazoniac agency","description":"","publisher":{"@id":"https:\/\/amazoniac.agency\/sl\/#organization"},"potentialAction":[{"@type":"SearchAction","target":{"@type":"EntryPoint","urlTemplate":"https:\/\/amazoniac.agency\/sl\/?s={search_term_string}"},"query-input":{"@type":"PropertyValueSpecification","valueRequired":true,"valueName":"search_term_string"}}],"inLanguage":"sl-SI"},{"@type":"Organization","@id":"https:\/\/amazoniac.agency\/sl\/#organization","name":"Amazoniac agency","url":"https:\/\/amazoniac.agency\/sl\/","logo":{"@type":"ImageObject","inLanguage":"sl-SI","@id":"https:\/\/amazoniac.agency\/sl\/#\/schema\/logo\/image\/","url":"https:\/\/amazoniac.agency\/sl\/wp-content\/uploads\/2025\/02\/Logo_FB_01.jpg","contentUrl":"https:\/\/amazoniac.agency\/sl\/wp-content\/uploads\/2025\/02\/Logo_FB_01.jpg","width":850,"height":850,"caption":"Amazoniac agency"},"image":{"@id":"https:\/\/amazoniac.agency\/sl\/#\/schema\/logo\/image\/"},"sameAs":["https:\/\/www.facebook.com\/amazoniac.agency","https:\/\/www.linkedin.com\/company\/amazoniac-agency"]}]}},"_links":{"self":[{"href":"https:\/\/amazoniac.agency\/sl\/wp-json\/wp\/v2\/pages\/173","targetHints":{"allow":["GET"]}}],"collection":[{"href":"https:\/\/amazoniac.agency\/sl\/wp-json\/wp\/v2\/pages"}],"about":[{"href":"https:\/\/amazoniac.agency\/sl\/wp-json\/wp\/v2\/types\/page"}],"author":[{"embeddable":true,"href":"https:\/\/amazoniac.agency\/sl\/wp-json\/wp\/v2\/users\/2"}],"replies":[{"embeddable":true,"href":"https:\/\/amazoniac.agency\/sl\/wp-json\/wp\/v2\/comments?post=173"}],"version-history":[{"count":5,"href":"https:\/\/amazoniac.agency\/sl\/wp-json\/wp\/v2\/pages\/173\/revisions"}],"predecessor-version":[{"id":310,"href":"https:\/\/amazoniac.agency\/sl\/wp-json\/wp\/v2\/pages\/173\/revisions\/310"}],"up":[{"embeddable":true,"href":"https:\/\/amazoniac.agency\/sl\/wp-json\/wp\/v2\/pages\/51"}],"wp:attachment":[{"href":"https:\/\/amazoniac.agency\/sl\/wp-json\/wp\/v2\/media?parent=173"}],"curies":[{"name":"wp","href":"https:\/\/api.w.org\/{rel}","templated":true}]}}