{"id":178,"date":"2024-10-28T08:57:52","date_gmt":"2024-10-28T07:57:52","guid":{"rendered":"https:\/\/amazoniac.agency\/sl\/?page_id=178"},"modified":"2024-11-06T14:36:09","modified_gmt":"2024-11-06T13:36:09","slug":"prodaja-na-amazonu","status":"publish","type":"page","link":"https:\/\/amazoniac.agency\/sl\/prodaja-na-amazonu\/","title":{"rendered":"Prodaja na Amazonu"},"content":{"rendered":"<p><div class=\"fusion-fullwidth fullwidth-box fusion-builder-row-1 fusion-flex-container has-pattern-background has-mask-background fusion-parallax-none nonhundred-percent-fullwidth non-hundred-percent-height-scrolling\" style=\"--awb-background-blend-mode:multiply;--awb-border-radius-top-left:0px;--awb-border-radius-top-right:0px;--awb-border-radius-bottom-right:0px;--awb-border-radius-bottom-left:0px;--awb-margin-bottom:70px;--awb-background-color:#ffa62b;--awb-background-image:url(&quot;http:\/\/amazoniac.ofgrid.si\/wp-content\/uploads\/2024\/10\/Amazon-blog-background-1920-\u00d7-1280-px.jpg&quot;);--awb-background-size:cover;--awb-flex-wrap:wrap;\" ><div class=\"fusion-builder-row fusion-row fusion-flex-align-items-flex-start fusion-flex-content-wrap\" style=\"max-width:1258.4px;margin-left: calc(-4% \/ 2 );margin-right: calc(-4% \/ 2 );\"><div class=\"fusion-layout-column fusion_builder_column fusion-builder-column-0 fusion_builder_column_1_1 1_1 fusion-flex-column\" style=\"--awb-padding-top:50px;--awb-padding-bottom:50px;--awb-bg-size:cover;--awb-width-large:100%;--awb-margin-top-large:0px;--awb-spacing-right-large:1.92%;--awb-margin-bottom-large:0px;--awb-spacing-left-large:1.92%;--awb-width-medium:100%;--awb-order-medium:0;--awb-spacing-right-medium:1.92%;--awb-spacing-left-medium:1.92%;--awb-width-small:100%;--awb-order-small:0;--awb-spacing-right-small:1.92%;--awb-spacing-left-small:1.92%;\" data-scroll-devices=\"small-visibility,medium-visibility,large-visibility\"><div class=\"fusion-column-wrapper fusion-column-has-shadow fusion-flex-justify-content-flex-start fusion-content-layout-column\"><div class=\"fusion-title title fusion-title-1 fusion-sep-none fusion-title-center fusion-title-text fusion-title-size-one\" style=\"--awb-text-color:var(--awb-color1);--awb-margin-bottom:50px;\"><h1 class=\"fusion-title-heading title-heading-center\" style=\"margin:0;text-transform:uppercase;\">Prodaja na Amazonu<\/h1><\/div><div class=\"fusion-title title fusion-title-2 fusion-sep-none fusion-title-center fusion-title-text fusion-title-size-three\" style=\"--awb-text-color:var(--awb-color1);\"><h3 class=\"fusion-title-heading title-heading-center\" style=\"margin:0;\">Aktualne informacije s podro\u010dja Amazona<\/h3><\/div><\/div><\/div><\/div><\/div><div class=\"fusion-fullwidth fullwidth-box fusion-builder-row-2 fusion-flex-container has-pattern-background has-mask-background nonhundred-percent-fullwidth non-hundred-percent-height-scrolling\" style=\"--awb-border-radius-top-left:0px;--awb-border-radius-top-right:0px;--awb-border-radius-bottom-right:0px;--awb-border-radius-bottom-left:0px;--awb-margin-bottom:70px;--awb-flex-wrap:wrap;\" ><div class=\"fusion-builder-row fusion-row fusion-flex-align-items-flex-start fusion-flex-content-wrap\" style=\"max-width:1258.4px;margin-left: calc(-4% \/ 2 );margin-right: calc(-4% \/ 2 );\"><div class=\"fusion-layout-column fusion_builder_column fusion-builder-column-1 fusion_builder_column_1_1 1_1 fusion-flex-column\" style=\"--awb-bg-size:cover;--awb-width-large:100%;--awb-margin-top-large:0px;--awb-spacing-right-large:1.92%;--awb-margin-bottom-large:20px;--awb-spacing-left-large:1.92%;--awb-width-medium:100%;--awb-order-medium:0;--awb-spacing-right-medium:1.92%;--awb-spacing-left-medium:1.92%;--awb-width-small:100%;--awb-order-small:0;--awb-spacing-right-small:1.92%;--awb-spacing-left-small:1.92%;\"><div class=\"fusion-column-wrapper fusion-column-has-shadow fusion-flex-justify-content-flex-start fusion-content-layout-column\"><div class=\"fusion-post-cards fusion-post-cards-1 fusion-grid-archive fusion-grid-columns-2\" style=\"--awb-dots-align:center;--awb-columns:2;--awb-active-filter-border-size:3px;--awb-filters-height:36px;\"><ul class=\"fusion-grid fusion-grid-2 fusion-flex-align-items-stretch fusion-grid-posts-cards\"><li class=\"fusion-layout-column fusion_builder_column fusion-builder-column-2 fusion-flex-column post-card fusion-grid-column fusion-post-cards-grid-column\" style=\"--awb-bg-blend:overlay;--awb-bg-size:cover;\"><div class=\"fusion-column-wrapper fusion-flex-justify-content-flex-start fusion-content-layout-column\"><div class=\"fusion-image-element \" style=\"--awb-aspect-ratio:2 \/ 1;--awb-caption-title-font-family:var(--h2_typography-font-family);--awb-caption-title-font-weight:var(--h2_typography-font-weight);--awb-caption-title-font-style:var(--h2_typography-font-style);--awb-caption-title-size:var(--h2_typography-font-size);--awb-caption-title-transform:var(--h2_typography-text-transform);--awb-caption-title-line-height:var(--h2_typography-line-height);--awb-caption-title-letter-spacing:var(--h2_typography-letter-spacing);\"><span class=\" fusion-imageframe imageframe-none imageframe-1 hover-type-none has-aspect-ratio\"><a class=\"fusion-no-lightbox\" href=\"https:\/\/amazoniac.agency\/sl\/kako-prodajati-na-amazonu-za-popoln-uspeh\/\" target=\"_self\" aria-label=\"thumbnail-4\"><img decoding=\"async\" width=\"1366\" height=\"768\" alt=\"Uspeh pri prodaji na Amazonu\" src=\"https:\/\/amazoniac.agency\/sl\/wp-content\/uploads\/2025\/12\/thumbnail-4.jpeg\" class=\"img-responsive wp-image-363 img-with-aspect-ratio\" srcset=\"https:\/\/amazoniac.agency\/sl\/wp-content\/uploads\/2025\/12\/thumbnail-4-200x112.jpeg 200w, https:\/\/amazoniac.agency\/sl\/wp-content\/uploads\/2025\/12\/thumbnail-4-400x225.jpeg 400w, https:\/\/amazoniac.agency\/sl\/wp-content\/uploads\/2025\/12\/thumbnail-4-600x337.jpeg 600w, https:\/\/amazoniac.agency\/sl\/wp-content\/uploads\/2025\/12\/thumbnail-4-800x450.jpeg 800w, https:\/\/amazoniac.agency\/sl\/wp-content\/uploads\/2025\/12\/thumbnail-4-1200x675.jpeg 1200w, https:\/\/amazoniac.agency\/sl\/wp-content\/uploads\/2025\/12\/thumbnail-4.jpeg 1366w\" sizes=\"(max-width: 640px) 100vw, 1200px\" \/><\/a><\/span><\/div><div class=\"fusion-title title fusion-title-3 fusion-sep-none fusion-title-text fusion-title-size-three\" style=\"--awb-margin-bottom:0px;\"><h3 class=\"fusion-title-heading title-heading-left\" style=\"margin:0;\"><a href=\"https:\/\/amazoniac.agency\/sl\/kako-prodajati-na-amazonu-za-popoln-uspeh\/\" class=\"awb-custom-text-color awb-custom-text-hover-color\" target=\"_self\">Kako prodajati na Amazonu za popoln uspeh<\/a><\/h3><\/div><div class=\"fusion-meta-tb fusion-meta-tb-1 floated\" style=\"--awb-border-bottom:0px;--awb-border-top:0px;--awb-height:36px;--awb-font-size:14px;--awb-margin-bottom:20px;--awb-text-color:var(--awb-color6);--awb-alignment-medium:flex-start;--awb-alignment-small:flex-start;\"><span class=\"fusion-tb-published-date\">29. decembra, 2025<\/span><span class=\"fusion-meta-tb-sep\"><\/span><\/div><div class=\"fusion-content-tb fusion-content-tb-1\" style=\"--awb-text-color:var(--awb-color6);--awb-text-transform:none;\"><p>Ste se kdaj vpra\u0161ali, kako nekateri prodajalci na Amazonu kar uspevajo, medtem ko se drugi [...]<\/p><\/div><div ><a class=\"fusion-button button-flat fusion-button-default-size button-default fusion-button-default button-1 fusion-button-default-span fusion-button-default-type\" target=\"_self\" href=\"https:\/\/amazoniac.agency\/sl\/kako-prodajati-na-amazonu-za-popoln-uspeh\/\"><span class=\"fusion-button-text\">Preberi ve\u010d<\/span><\/a><\/div><\/div><\/li>\n<li class=\"fusion-layout-column fusion_builder_column fusion-builder-column-3 fusion-flex-column post-card fusion-grid-column fusion-post-cards-grid-column\" style=\"--awb-bg-blend:overlay;--awb-bg-size:cover;\"><div class=\"fusion-column-wrapper fusion-flex-justify-content-flex-start fusion-content-layout-column\"><div class=\"fusion-image-element \" style=\"--awb-aspect-ratio:2 \/ 1;--awb-caption-title-font-family:var(--h2_typography-font-family);--awb-caption-title-font-weight:var(--h2_typography-font-weight);--awb-caption-title-font-style:var(--h2_typography-font-style);--awb-caption-title-size:var(--h2_typography-font-size);--awb-caption-title-transform:var(--h2_typography-text-transform);--awb-caption-title-line-height:var(--h2_typography-line-height);--awb-caption-title-letter-spacing:var(--h2_typography-letter-spacing);\"><span class=\" fusion-imageframe imageframe-none imageframe-2 hover-type-none has-aspect-ratio\"><a class=\"fusion-no-lightbox\" href=\"https:\/\/amazoniac.agency\/sl\/odklenite-amazon-prodajo-z-izboljsanim-a-contentom\/\" target=\"_self\" aria-label=\"thumbnail-16-1200&#215;675.jpeg\"><img decoding=\"async\" width=\"1200\" height=\"675\" alt=\"amazon a+ content\" src=\"https:\/\/amazoniac.agency\/sl\/wp-content\/uploads\/2025\/12\/thumbnail-16-1200x675.jpeg.webp\" class=\"img-responsive wp-image-358 img-with-aspect-ratio\" srcset=\"https:\/\/amazoniac.agency\/sl\/wp-content\/uploads\/2025\/12\/thumbnail-16-1200x675.jpeg-200x113.webp 200w, https:\/\/amazoniac.agency\/sl\/wp-content\/uploads\/2025\/12\/thumbnail-16-1200x675.jpeg-300x169.webp 300w, https:\/\/amazoniac.agency\/sl\/wp-content\/uploads\/2025\/12\/thumbnail-16-1200x675.jpeg-400x225.webp 400w, https:\/\/amazoniac.agency\/sl\/wp-content\/uploads\/2025\/12\/thumbnail-16-1200x675.jpeg-600x338.webp 600w, https:\/\/amazoniac.agency\/sl\/wp-content\/uploads\/2025\/12\/thumbnail-16-1200x675.jpeg-768x432.webp 768w, https:\/\/amazoniac.agency\/sl\/wp-content\/uploads\/2025\/12\/thumbnail-16-1200x675.jpeg-800x450.webp 800w, https:\/\/amazoniac.agency\/sl\/wp-content\/uploads\/2025\/12\/thumbnail-16-1200x675.jpeg-1024x576.webp 1024w, https:\/\/amazoniac.agency\/sl\/wp-content\/uploads\/2025\/12\/thumbnail-16-1200x675.jpeg.webp 1200w\" sizes=\"(max-width: 640px) 100vw, 1200px\" \/><\/a><\/span><\/div><div class=\"fusion-title title fusion-title-4 fusion-sep-none fusion-title-text fusion-title-size-three\" style=\"--awb-margin-bottom:0px;\"><h3 class=\"fusion-title-heading title-heading-left\" style=\"margin:0;\"><a href=\"https:\/\/amazoniac.agency\/sl\/odklenite-amazon-prodajo-z-izboljsanim-a-contentom\/\" class=\"awb-custom-text-color awb-custom-text-hover-color\" target=\"_self\">Odklenite Amazon prodajo z izbolj\u0161anim A+ Contentom<\/a><\/h3><\/div><div class=\"fusion-meta-tb fusion-meta-tb-2 floated\" style=\"--awb-border-bottom:0px;--awb-border-top:0px;--awb-height:36px;--awb-font-size:14px;--awb-margin-bottom:20px;--awb-text-color:var(--awb-color6);--awb-alignment-medium:flex-start;--awb-alignment-small:flex-start;\"><span class=\"fusion-tb-published-date\">22. decembra, 2025<\/span><span class=\"fusion-meta-tb-sep\"><\/span><\/div><div class=\"fusion-content-tb fusion-content-tb-2\" style=\"--awb-text-color:var(--awb-color6);--awb-text-transform:none;\"><p>Prodaja na Amazonu se lahko hitro zdi kot gne\u010da na sejmu, kajne? Ima\u0161 odli\u010den izdelek, [...]<\/p><\/div><div ><a class=\"fusion-button button-flat fusion-button-default-size button-default fusion-button-default button-2 fusion-button-default-span fusion-button-default-type\" target=\"_self\" href=\"https:\/\/amazoniac.agency\/sl\/odklenite-amazon-prodajo-z-izboljsanim-a-contentom\/\"><span class=\"fusion-button-text\">Preberi ve\u010d<\/span><\/a><\/div><\/div><\/li>\n<li class=\"fusion-layout-column fusion_builder_column fusion-builder-column-4 fusion-flex-column post-card fusion-grid-column fusion-post-cards-grid-column\" style=\"--awb-bg-blend:overlay;--awb-bg-size:cover;\"><div class=\"fusion-column-wrapper fusion-flex-justify-content-flex-start fusion-content-layout-column\"><div class=\"fusion-image-element \" style=\"--awb-aspect-ratio:2 \/ 1;--awb-caption-title-font-family:var(--h2_typography-font-family);--awb-caption-title-font-weight:var(--h2_typography-font-weight);--awb-caption-title-font-style:var(--h2_typography-font-style);--awb-caption-title-size:var(--h2_typography-font-size);--awb-caption-title-transform:var(--h2_typography-text-transform);--awb-caption-title-line-height:var(--h2_typography-line-height);--awb-caption-title-letter-spacing:var(--h2_typography-letter-spacing);\"><span class=\" fusion-imageframe imageframe-none imageframe-3 hover-type-none has-aspect-ratio\"><a class=\"fusion-no-lightbox\" href=\"https:\/\/amazoniac.agency\/sl\/amazon-fba-slovenija\/\" target=\"_self\" aria-label=\"Amazon-FBA-logistika-Slovenija-1-1200&#215;423\"><img decoding=\"async\" width=\"1200\" height=\"423\" src=\"https:\/\/amazoniac.agency\/sl\/wp-content\/uploads\/2024\/10\/Amazon-FBA-logistika-Slovenija-1-1200x423-1.jpg\" class=\"img-responsive wp-image-94 img-with-aspect-ratio\" alt srcset=\"https:\/\/amazoniac.agency\/sl\/wp-content\/uploads\/2024\/10\/Amazon-FBA-logistika-Slovenija-1-1200x423-1-200x71.jpg 200w, https:\/\/amazoniac.agency\/sl\/wp-content\/uploads\/2024\/10\/Amazon-FBA-logistika-Slovenija-1-1200x423-1-400x141.jpg 400w, https:\/\/amazoniac.agency\/sl\/wp-content\/uploads\/2024\/10\/Amazon-FBA-logistika-Slovenija-1-1200x423-1-600x212.jpg 600w, https:\/\/amazoniac.agency\/sl\/wp-content\/uploads\/2024\/10\/Amazon-FBA-logistika-Slovenija-1-1200x423-1-800x282.jpg 800w, https:\/\/amazoniac.agency\/sl\/wp-content\/uploads\/2024\/10\/Amazon-FBA-logistika-Slovenija-1-1200x423-1.jpg 1200w\" sizes=\"(max-width: 640px) 100vw, 1200px\" \/><\/a><\/span><\/div><div class=\"fusion-title title fusion-title-5 fusion-sep-none fusion-title-text fusion-title-size-three\" style=\"--awb-margin-bottom:0px;\"><h3 class=\"fusion-title-heading title-heading-left\" style=\"margin:0;\"><a href=\"https:\/\/amazoniac.agency\/sl\/amazon-fba-slovenija\/\" class=\"awb-custom-text-color awb-custom-text-hover-color\" target=\"_self\">Amazon FBA Slovenija [posodobljeno za 2025]<\/a><\/h3><\/div><div class=\"fusion-meta-tb fusion-meta-tb-3 floated\" style=\"--awb-border-bottom:0px;--awb-border-top:0px;--awb-height:36px;--awb-font-size:14px;--awb-margin-bottom:20px;--awb-text-color:var(--awb-color6);--awb-alignment-medium:flex-start;--awb-alignment-small:flex-start;\"><span class=\"fusion-tb-published-date\">26. marca, 2025<\/span><span class=\"fusion-meta-tb-sep\"><\/span><\/div><div class=\"fusion-content-tb fusion-content-tb-3\" style=\"--awb-text-color:var(--awb-color6);--awb-text-transform:none;\"><p>Za veliko spletnih prodajalcev se ob rasti prodaje pojavi izziv kako se spopadati z vse [...]<\/p><\/div><div ><a class=\"fusion-button button-flat fusion-button-default-size button-default fusion-button-default button-3 fusion-button-default-span fusion-button-default-type\" target=\"_self\" href=\"https:\/\/amazoniac.agency\/sl\/amazon-fba-slovenija\/\"><span class=\"fusion-button-text\">Preberi ve\u010d<\/span><\/a><\/div><\/div><\/li>\n<li class=\"fusion-layout-column fusion_builder_column fusion-builder-column-5 fusion-flex-column post-card fusion-grid-column fusion-post-cards-grid-column\" style=\"--awb-bg-blend:overlay;--awb-bg-size:cover;\"><div class=\"fusion-column-wrapper fusion-flex-justify-content-flex-start fusion-content-layout-column\"><div class=\"fusion-image-element \" style=\"--awb-aspect-ratio:2 \/ 1;--awb-caption-title-font-family:var(--h2_typography-font-family);--awb-caption-title-font-weight:var(--h2_typography-font-weight);--awb-caption-title-font-style:var(--h2_typography-font-style);--awb-caption-title-size:var(--h2_typography-font-size);--awb-caption-title-transform:var(--h2_typography-text-transform);--awb-caption-title-line-height:var(--h2_typography-line-height);--awb-caption-title-letter-spacing:var(--h2_typography-letter-spacing);\"><span class=\" fusion-imageframe imageframe-none imageframe-4 hover-type-none has-aspect-ratio\"><a class=\"fusion-no-lightbox\" href=\"https:\/\/amazoniac.agency\/sl\/amazon-eu-in-prodaja-iz-slovenije\/\" target=\"_self\" aria-label=\"amazon-eu-slovenija-prodaja-1200&#215;423\"><img decoding=\"async\" width=\"1200\" height=\"423\" src=\"https:\/\/amazoniac.agency\/sl\/wp-content\/uploads\/2024\/10\/amazon-eu-slovenija-prodaja-1200x423-1.jpg\" class=\"img-responsive wp-image-102 img-with-aspect-ratio\" alt srcset=\"https:\/\/amazoniac.agency\/sl\/wp-content\/uploads\/2024\/10\/amazon-eu-slovenija-prodaja-1200x423-1-200x71.jpg 200w, https:\/\/amazoniac.agency\/sl\/wp-content\/uploads\/2024\/10\/amazon-eu-slovenija-prodaja-1200x423-1-400x141.jpg 400w, https:\/\/amazoniac.agency\/sl\/wp-content\/uploads\/2024\/10\/amazon-eu-slovenija-prodaja-1200x423-1-600x212.jpg 600w, https:\/\/amazoniac.agency\/sl\/wp-content\/uploads\/2024\/10\/amazon-eu-slovenija-prodaja-1200x423-1-800x282.jpg 800w, https:\/\/amazoniac.agency\/sl\/wp-content\/uploads\/2024\/10\/amazon-eu-slovenija-prodaja-1200x423-1.jpg 1200w\" sizes=\"(max-width: 640px) 100vw, 1200px\" \/><\/a><\/span><\/div><div class=\"fusion-title title fusion-title-6 fusion-sep-none fusion-title-text fusion-title-size-three\" style=\"--awb-margin-bottom:0px;\"><h3 class=\"fusion-title-heading title-heading-left\" style=\"margin:0;\"><a href=\"https:\/\/amazoniac.agency\/sl\/amazon-eu-in-prodaja-iz-slovenije\/\" class=\"awb-custom-text-color awb-custom-text-hover-color\" target=\"_self\">Amazon EU in prodaja iz Slovenije<\/a><\/h3><\/div><div class=\"fusion-meta-tb fusion-meta-tb-4 floated\" style=\"--awb-border-bottom:0px;--awb-border-top:0px;--awb-height:36px;--awb-font-size:14px;--awb-margin-bottom:20px;--awb-text-color:var(--awb-color6);--awb-alignment-medium:flex-start;--awb-alignment-small:flex-start;\"><span class=\"fusion-tb-published-date\">21. marca, 2025<\/span><span class=\"fusion-meta-tb-sep\"><\/span><\/div><div class=\"fusion-content-tb fusion-content-tb-4\" style=\"--awb-text-color:var(--awb-color6);--awb-text-transform:none;\"><p>Kdor \u010daka, do\u010daka, pravijo. Vsi slovenski podjetniki, ki smo skoraj 10 let nestrpno \u010dakali na [...]<\/p><\/div><div ><a class=\"fusion-button button-flat fusion-button-default-size button-default fusion-button-default button-4 fusion-button-default-span fusion-button-default-type\" target=\"_self\" href=\"https:\/\/amazoniac.agency\/sl\/amazon-eu-in-prodaja-iz-slovenije\/\"><span class=\"fusion-button-text\">Preberi ve\u010d<\/span><\/a><\/div><\/div><\/li>\n<\/ul><div class=\"pagination clearfix\"><span class=\"current\">1<\/span><a href=\"https:\/\/amazoniac.agency\/sl\/wp-json\/wp\/v2\/pages\/178\/page\/2\/\" class=\"inactive\">2<\/a><a class=\"pagination-next\" rel=\"next\" href=\"https:\/\/amazoniac.agency\/sl\/wp-json\/wp\/v2\/pages\/178\/page\/2\/\"><span class=\"page-text\">Next<\/span><span class=\"page-next\"><\/span><\/a><\/div><div class=\"fusion-clearfix\"><\/div><\/div><\/div><\/div><\/div><\/div><\/p>\n","protected":false},"excerpt":{"rendered":"","protected":false},"author":2,"featured_media":0,"parent":0,"menu_order":0,"comment_status":"closed","ping_status":"closed","template":"100-width.php","meta":{"footnotes":""},"class_list":["post-178","page","type-page","status-publish","hentry"],"acf":[],"yoast_head":"<!-- This site is optimized with the Yoast SEO plugin v26.1.1 - https:\/\/yoast.com\/wordpress\/plugins\/seo\/ -->\n<title>Amazon informacije - Specialisti za prodajo na Amazonu - Amazoniac.agency<\/title>\n<meta name=\"description\" content=\"Vse o prodaji na Amazonu: kako za\u010deti s prodajo? Kako optimizirati oglase? Kako optimizirati listinge? Nove tehnologije, ki jih Amazon ponuja.\" \/>\n<meta name=\"robots\" content=\"index, follow, max-snippet:-1, max-image-preview:large, max-video-preview:-1\" \/>\n<link rel=\"canonical\" href=\"https:\/\/amazoniac.agency\/sl\/prodaja-na-amazonu\/\" \/>\n<meta property=\"og:locale\" content=\"sl_SI\" \/>\n<meta property=\"og:type\" content=\"article\" \/>\n<meta property=\"og:title\" content=\"Amazon informacije - Specialisti za prodajo na Amazonu - Amazoniac.agency\" \/>\n<meta property=\"og:description\" content=\"Vse o prodaji na Amazonu: kako za\u010deti s prodajo? Kako optimizirati oglase? Kako optimizirati listinge? Nove tehnologije, ki jih Amazon ponuja.\" \/>\n<meta property=\"og:url\" content=\"https:\/\/amazoniac.agency\/sl\/prodaja-na-amazonu\/\" \/>\n<meta property=\"og:site_name\" content=\"Amazoniac agency\" \/>\n<meta property=\"article:publisher\" content=\"https:\/\/www.facebook.com\/amazoniac.agency\" \/>\n<meta property=\"article:modified_time\" content=\"2024-11-06T13:36:09+00:00\" \/>\n<meta name=\"twitter:card\" content=\"summary_large_image\" \/>\n<meta name=\"twitter:label1\" content=\"Est. reading time\" \/>\n\t<meta name=\"twitter:data1\" content=\"1 minuta\" \/>\n<script type=\"application\/ld+json\" class=\"yoast-schema-graph\">{\"@context\":\"https:\/\/schema.org\",\"@graph\":[{\"@type\":\"WebPage\",\"@id\":\"https:\/\/amazoniac.agency\/sl\/prodaja-na-amazonu\/\",\"url\":\"https:\/\/amazoniac.agency\/sl\/prodaja-na-amazonu\/\",\"name\":\"Amazon informacije - Specialisti za prodajo na Amazonu - Amazoniac.agency\",\"isPartOf\":{\"@id\":\"https:\/\/amazoniac.agency\/sl\/#website\"},\"datePublished\":\"2024-10-28T07:57:52+00:00\",\"dateModified\":\"2024-11-06T13:36:09+00:00\",\"description\":\"Vse o prodaji na Amazonu: kako za\u010deti s prodajo? Kako optimizirati oglase? Kako optimizirati listinge? Nove tehnologije, ki jih Amazon ponuja.\",\"breadcrumb\":{\"@id\":\"https:\/\/amazoniac.agency\/sl\/prodaja-na-amazonu\/#breadcrumb\"},\"inLanguage\":\"sl-SI\",\"potentialAction\":[{\"@type\":\"ReadAction\",\"target\":[\"https:\/\/amazoniac.agency\/sl\/prodaja-na-amazonu\/\"]}]},{\"@type\":\"BreadcrumbList\",\"@id\":\"https:\/\/amazoniac.agency\/sl\/prodaja-na-amazonu\/#breadcrumb\",\"itemListElement\":[{\"@type\":\"ListItem\",\"position\":1,\"name\":\"Home\",\"item\":\"https:\/\/amazoniac.agency\/sl\/\"},{\"@type\":\"ListItem\",\"position\":2,\"name\":\"Prodaja na Amazonu\"}]},{\"@type\":\"WebSite\",\"@id\":\"https:\/\/amazoniac.agency\/sl\/#website\",\"url\":\"https:\/\/amazoniac.agency\/sl\/\",\"name\":\"Amazoniac agency\",\"description\":\"\",\"publisher\":{\"@id\":\"https:\/\/amazoniac.agency\/sl\/#organization\"},\"potentialAction\":[{\"@type\":\"SearchAction\",\"target\":{\"@type\":\"EntryPoint\",\"urlTemplate\":\"https:\/\/amazoniac.agency\/sl\/?s={search_term_string}\"},\"query-input\":{\"@type\":\"PropertyValueSpecification\",\"valueRequired\":true,\"valueName\":\"search_term_string\"}}],\"inLanguage\":\"sl-SI\"},{\"@type\":\"Organization\",\"@id\":\"https:\/\/amazoniac.agency\/sl\/#organization\",\"name\":\"Amazoniac agency\",\"url\":\"https:\/\/amazoniac.agency\/sl\/\",\"logo\":{\"@type\":\"ImageObject\",\"inLanguage\":\"sl-SI\",\"@id\":\"https:\/\/amazoniac.agency\/sl\/#\/schema\/logo\/image\/\",\"url\":\"https:\/\/amazoniac.agency\/sl\/wp-content\/uploads\/2025\/02\/Logo_FB_01.jpg\",\"contentUrl\":\"https:\/\/amazoniac.agency\/sl\/wp-content\/uploads\/2025\/02\/Logo_FB_01.jpg\",\"width\":850,\"height\":850,\"caption\":\"Amazoniac agency\"},\"image\":{\"@id\":\"https:\/\/amazoniac.agency\/sl\/#\/schema\/logo\/image\/\"},\"sameAs\":[\"https:\/\/www.facebook.com\/amazoniac.agency\",\"https:\/\/www.linkedin.com\/company\/amazoniac-agency\"]}]}<\/script>\n<!-- \/ Yoast SEO plugin. -->","yoast_head_json":{"title":"Amazon informacije - Specialisti za prodajo na Amazonu - Amazoniac.agency","description":"Vse o prodaji na Amazonu: kako za\u010deti s prodajo? Kako optimizirati oglase? Kako optimizirati listinge? Nove tehnologije, ki jih Amazon ponuja.","robots":{"index":"index","follow":"follow","max-snippet":"max-snippet:-1","max-image-preview":"max-image-preview:large","max-video-preview":"max-video-preview:-1"},"canonical":"https:\/\/amazoniac.agency\/sl\/prodaja-na-amazonu\/","og_locale":"sl_SI","og_type":"article","og_title":"Amazon informacije - Specialisti za prodajo na Amazonu - Amazoniac.agency","og_description":"Vse o prodaji na Amazonu: kako za\u010deti s prodajo? Kako optimizirati oglase? Kako optimizirati listinge? Nove tehnologije, ki jih Amazon ponuja.","og_url":"https:\/\/amazoniac.agency\/sl\/prodaja-na-amazonu\/","og_site_name":"Amazoniac agency","article_publisher":"https:\/\/www.facebook.com\/amazoniac.agency","article_modified_time":"2024-11-06T13:36:09+00:00","twitter_card":"summary_large_image","twitter_misc":{"Est. reading time":"1 minuta"},"schema":{"@context":"https:\/\/schema.org","@graph":[{"@type":"WebPage","@id":"https:\/\/amazoniac.agency\/sl\/prodaja-na-amazonu\/","url":"https:\/\/amazoniac.agency\/sl\/prodaja-na-amazonu\/","name":"Amazon informacije - Specialisti za prodajo na Amazonu - Amazoniac.agency","isPartOf":{"@id":"https:\/\/amazoniac.agency\/sl\/#website"},"datePublished":"2024-10-28T07:57:52+00:00","dateModified":"2024-11-06T13:36:09+00:00","description":"Vse o prodaji na Amazonu: kako za\u010deti s prodajo? Kako optimizirati oglase? Kako optimizirati listinge? Nove tehnologije, ki jih Amazon ponuja.","breadcrumb":{"@id":"https:\/\/amazoniac.agency\/sl\/prodaja-na-amazonu\/#breadcrumb"},"inLanguage":"sl-SI","potentialAction":[{"@type":"ReadAction","target":["https:\/\/amazoniac.agency\/sl\/prodaja-na-amazonu\/"]}]},{"@type":"BreadcrumbList","@id":"https:\/\/amazoniac.agency\/sl\/prodaja-na-amazonu\/#breadcrumb","itemListElement":[{"@type":"ListItem","position":1,"name":"Home","item":"https:\/\/amazoniac.agency\/sl\/"},{"@type":"ListItem","position":2,"name":"Prodaja na Amazonu"}]},{"@type":"WebSite","@id":"https:\/\/amazoniac.agency\/sl\/#website","url":"https:\/\/amazoniac.agency\/sl\/","name":"Amazoniac agency","description":"","publisher":{"@id":"https:\/\/amazoniac.agency\/sl\/#organization"},"potentialAction":[{"@type":"SearchAction","target":{"@type":"EntryPoint","urlTemplate":"https:\/\/amazoniac.agency\/sl\/?s={search_term_string}"},"query-input":{"@type":"PropertyValueSpecification","valueRequired":true,"valueName":"search_term_string"}}],"inLanguage":"sl-SI"},{"@type":"Organization","@id":"https:\/\/amazoniac.agency\/sl\/#organization","name":"Amazoniac agency","url":"https:\/\/amazoniac.agency\/sl\/","logo":{"@type":"ImageObject","inLanguage":"sl-SI","@id":"https:\/\/amazoniac.agency\/sl\/#\/schema\/logo\/image\/","url":"https:\/\/amazoniac.agency\/sl\/wp-content\/uploads\/2025\/02\/Logo_FB_01.jpg","contentUrl":"https:\/\/amazoniac.agency\/sl\/wp-content\/uploads\/2025\/02\/Logo_FB_01.jpg","width":850,"height":850,"caption":"Amazoniac agency"},"image":{"@id":"https:\/\/amazoniac.agency\/sl\/#\/schema\/logo\/image\/"},"sameAs":["https:\/\/www.facebook.com\/amazoniac.agency","https:\/\/www.linkedin.com\/company\/amazoniac-agency"]}]}},"_links":{"self":[{"href":"https:\/\/amazoniac.agency\/sl\/wp-json\/wp\/v2\/pages\/178","targetHints":{"allow":["GET"]}}],"collection":[{"href":"https:\/\/amazoniac.agency\/sl\/wp-json\/wp\/v2\/pages"}],"about":[{"href":"https:\/\/amazoniac.agency\/sl\/wp-json\/wp\/v2\/types\/page"}],"author":[{"embeddable":true,"href":"https:\/\/amazoniac.agency\/sl\/wp-json\/wp\/v2\/users\/2"}],"replies":[{"embeddable":true,"href":"https:\/\/amazoniac.agency\/sl\/wp-json\/wp\/v2\/comments?post=178"}],"version-history":[{"count":5,"href":"https:\/\/amazoniac.agency\/sl\/wp-json\/wp\/v2\/pages\/178\/revisions"}],"predecessor-version":[{"id":302,"href":"https:\/\/amazoniac.agency\/sl\/wp-json\/wp\/v2\/pages\/178\/revisions\/302"}],"wp:attachment":[{"href":"https:\/\/amazoniac.agency\/sl\/wp-json\/wp\/v2\/media?parent=178"}],"curies":[{"name":"wp","href":"https:\/\/api.w.org\/{rel}","templated":true}]}}