{"id":200,"date":"2024-10-28T10:17:25","date_gmt":"2024-10-28T09:17:25","guid":{"rendered":"https:\/\/amazoniac.agency\/sl\/?page_id=200"},"modified":"2024-10-28T10:31:50","modified_gmt":"2024-10-28T09:31:50","slug":"jasa-furlan","status":"publish","type":"page","link":"https:\/\/amazoniac.agency\/sl\/o-nas\/jasa-furlan\/","title":{"rendered":"Ja\u0161a Furlan"},"content":{"rendered":"<p><div class=\"fusion-fullwidth fullwidth-box fusion-builder-row-1 fusion-flex-container has-pattern-background has-mask-background fusion-parallax-none nonhundred-percent-fullwidth non-hundred-percent-height-scrolling\" style=\"--awb-background-blend-mode:multiply;--awb-border-radius-top-left:0px;--awb-border-radius-top-right:0px;--awb-border-radius-bottom-right:0px;--awb-border-radius-bottom-left:0px;--awb-margin-bottom:70px;--awb-background-color:#ffa62b;--awb-background-image:url(&quot;http:\/\/amazoniac.ofgrid.si\/wp-content\/uploads\/2024\/10\/amazoniac-agency-about-us-1.jpg&quot;);--awb-background-size:cover;--awb-flex-wrap:wrap;\" ><div class=\"fusion-builder-row fusion-row fusion-flex-align-items-flex-start fusion-flex-content-wrap\" style=\"max-width:1258.4px;margin-left: calc(-4% \/ 2 );margin-right: calc(-4% \/ 2 );\"><div class=\"fusion-layout-column fusion_builder_column fusion-builder-column-0 fusion_builder_column_1_1 1_1 fusion-flex-column\" style=\"--awb-padding-top:50px;--awb-padding-bottom:50px;--awb-bg-size:cover;--awb-width-large:100%;--awb-margin-top-large:0px;--awb-spacing-right-large:1.92%;--awb-margin-bottom-large:0px;--awb-spacing-left-large:1.92%;--awb-width-medium:100%;--awb-order-medium:0;--awb-spacing-right-medium:1.92%;--awb-spacing-left-medium:1.92%;--awb-width-small:100%;--awb-order-small:0;--awb-spacing-right-small:1.92%;--awb-spacing-left-small:1.92%;\" data-scroll-devices=\"small-visibility,medium-visibility,large-visibility\"><div class=\"fusion-column-wrapper fusion-column-has-shadow fusion-flex-justify-content-flex-start fusion-content-layout-column\"><div class=\"fusion-title title fusion-title-1 fusion-sep-none fusion-title-center fusion-title-text fusion-title-size-one\" style=\"--awb-text-color:var(--awb-color1);--awb-margin-bottom:50px;\"><h1 class=\"fusion-title-heading title-heading-center\" style=\"margin:0;\">O Amazoniacu<\/h1><\/div><div class=\"fusion-title title fusion-title-2 fusion-sep-none fusion-title-center fusion-title-text fusion-title-size-three\" style=\"--awb-text-color:var(--awb-color1);\"><h3 class=\"fusion-title-heading title-heading-center\" style=\"margin:0;\">Specialisti za prodajo na Amazonu<\/h3><\/div><\/div><\/div><\/div><\/div><div class=\"fusion-fullwidth fullwidth-box fusion-builder-row-2 fusion-flex-container has-pattern-background has-mask-background nonhundred-percent-fullwidth non-hundred-percent-height-scrolling\" style=\"--awb-border-radius-top-left:0px;--awb-border-radius-top-right:0px;--awb-border-radius-bottom-right:0px;--awb-border-radius-bottom-left:0px;--awb-margin-bottom:70px;--awb-flex-wrap:wrap;\" ><div class=\"fusion-builder-row fusion-row fusion-flex-align-items-flex-start fusion-flex-content-wrap\" style=\"max-width:1258.4px;margin-left: calc(-4% \/ 2 );margin-right: calc(-4% \/ 2 );\"><div class=\"fusion-layout-column fusion_builder_column fusion-builder-column-1 fusion_builder_column_1_1 1_1 fusion-flex-column\" style=\"--awb-bg-size:cover;--awb-width-large:100%;--awb-margin-top-large:0px;--awb-spacing-right-large:1.92%;--awb-margin-bottom-large:20px;--awb-spacing-left-large:1.92%;--awb-width-medium:100%;--awb-order-medium:0;--awb-spacing-right-medium:1.92%;--awb-spacing-left-medium:1.92%;--awb-width-small:100%;--awb-order-small:0;--awb-spacing-right-small:1.92%;--awb-spacing-left-small:1.92%;\"><div class=\"fusion-column-wrapper fusion-column-has-shadow fusion-flex-justify-content-flex-start fusion-content-layout-column\"><div class=\"fusion-title title fusion-title-3 fusion-sep-none fusion-title-center fusion-title-text fusion-title-size-two\" style=\"--awb-margin-bottom:50px;\"><h2 class=\"fusion-title-heading title-heading-center\" style=\"margin:0;text-transform:uppercase;\">Ja\u0161a Furlan<\/h2><\/div><div class=\"fusion-text fusion-text-1\"><p><span style=\"color: #c3512f;\"><strong>Ja\u0161a Furlan<\/strong><\/span>, ustanovitelj agencije<a href=\"\/\"> Amazoniac Agency<\/a>, je strokovnjak na podro\u010dju spletne trgovine, s posebnim poudarkom na Amazonu, kjer deluje \u017ee ve\u010d kot desetletje. Globoko razumevanje in izku\u0161nje z Amazonovimi platformami, kot sta Seller Central in Vendor Central, ga postavljajo med <span style=\"color: #c3512f;\"><strong>vodilne svetovalce za podjetja, ki \u017eelijo uspeti v spletni prodaji.<\/strong><\/span> S svojim znanjem in inovativnimi pristopi je v mnogih podjetjih znatno <span style=\"color: #c3512f;\"><strong>prispeval k rasti in uspehu na Amazonu in drugih spletnih platformah.<\/strong><\/span><\/p>\n<ul>\n<li><span style=\"color: #c3512f;\"><strong>Ve\u010d kot 10 let izku\u0161enj z Amazonom<\/strong><\/span>: Bogata zgodovina dela z Amazonom, kjer pozna vsako podrobnost dela tako s Seller kot z Vendor central ra\u010duni ter ogla\u0161evanjem.<\/li>\n<li><span style=\"color: #c3512f;\"><strong>Solastnik podjetja s prehranskimi dopolnili:<\/strong><\/span> Ve\u010d kot 5 let direktnega dela z Amazonom \u2013 od za\u010detkov do uspehov in izjemnih izku\u0161enj pri prodaji in ogla\u0161evanju na Amazonu v Evropi.<\/li>\n<li><span style=\"color: #c3512f;\"><strong>Vodenje Amazon ekipe v Sensilabu:<\/strong><\/span> Kot vodja Amazon ekipe v podjetju Sensilab je demonstriral svoje izku\u0161nje in sposobnosti vodenja ter pripomogel k razvoju novega kanala in pove\u010danju prodaje podjetja.<\/li>\n<li><span style=\"color: #c3512f;\"><strong>Razvoj spletne prodaje v Hisense Gorenje Europe:<\/strong> <\/span>V podjetju Hisense Gorenje Europe je bil klju\u010den pri razvoju strategij za spletno prodajo malih gospodinjskih aparatov, kar je podjetju omogo\u010dilo izkoristiti nove prilo\u017enosti na trgu.<\/li>\n<li><span style=\"color: #c3512f;\"><strong>Sodelovanje z razli\u010dnimi podjetji:<\/strong><\/span> Za\u010detek <a href=\"\/\">Amazoniac Agency<\/a> preko sodelovanja z mnogimi slovenskimi in tujimi podjetji, katerim pomaga pri prodaji in ogla\u0161evanju na Amazonu in drugih spletnih platformah, s \u010dimer jim omogo\u010da rast in \u0161iritev poslovanja na globalnem trgu.<\/li>\n<\/ul>\n<h3><span style=\"color: #c3512f;\">PODRO\u010cJA SPECIALIZACIJE<\/span><\/h3>\n<p><span style=\"color: #c3512f;\"><strong>Prehranska dopolnila in tehni\u010dni izdelki:<\/strong><\/span> Ja\u0161a je znan po svoji specializaciji v prodaji in ogla\u0161evanju prehranskih dopolnil in tehni\u010dnih izdelkov, kjer uporablja svoje obse\u017eno znanje in izku\u0161nje za doseganje optimalnih rezultatov<\/p>\n<p><span style=\"color: #c3512f;\"><strong>Razvoj Amazon ra\u010dunov in optimizacija ogla\u0161evanja:<\/strong><\/span> Najve\u010d izku\u0161enj ima ravno z ravojem Amazona kot platforme za prodajalce ter optimiziranjem oglasov, kjer skupaj z naro\u010dniki na\u010drtuje najbolj optimalno in profitabilno prihodnost.<\/p>\n<\/div><\/div><\/div><\/div><\/div><div class=\"fusion-fullwidth fullwidth-box fusion-builder-row-3 fusion-flex-container has-pattern-background has-mask-background aa-contact-us-container nonhundred-percent-fullwidth non-hundred-percent-height-scrolling\" style=\"--awb-border-radius-top-left:0px;--awb-border-radius-top-right:0px;--awb-border-radius-bottom-right:0px;--awb-border-radius-bottom-left:0px;--awb-padding-top:50px;--awb-padding-bottom:50px;--awb-margin-bottom:0px;--awb-background-color:#ffa022;--awb-flex-wrap:wrap;\" ><div class=\"fusion-builder-row fusion-row fusion-flex-align-items-flex-start fusion-flex-content-wrap\" style=\"max-width:1258.4px;margin-left: calc(-4% \/ 2 );margin-right: calc(-4% \/ 2 );\"><div class=\"fusion-layout-column fusion_builder_column fusion-builder-column-2 fusion_builder_column_1_1 1_1 fusion-flex-column fusion-flex-align-self-center\" style=\"--awb-padding-top:20px;--awb-padding-right:15px;--awb-padding-bottom:20px;--awb-padding-left:15px;--awb-bg-color:var(--awb-color1);--awb-bg-color-hover:var(--awb-color1);--awb-bg-size:cover;--awb-width-large:100%;--awb-margin-top-large:0px;--awb-spacing-right-large:1.92%;--awb-margin-bottom-large:0px;--awb-spacing-left-large:1.92%;--awb-width-medium:100%;--awb-order-medium:0;--awb-spacing-right-medium:1.92%;--awb-spacing-left-medium:1.92%;--awb-width-small:100%;--awb-order-small:0;--awb-spacing-right-small:1.92%;--awb-spacing-left-small:1.92%;\" data-scroll-devices=\"small-visibility,medium-visibility,large-visibility\"><div class=\"fusion-column-wrapper fusion-column-has-shadow fusion-flex-justify-content-space-between fusion-content-layout-row fusion-content-nowrap\"><div class=\"fusion-text fusion-text-2 fusion-text-no-margin\" style=\"--awb-margin-top:10px;\"><p><strong>Vas zanima ve\u010d? Po\u0161ljite nam sporo\u010dilo ali vpra\u0161anje!<\/strong><\/p>\n<\/div><div ><a class=\"fusion-button button-flat fusion-button-default-size button-default fusion-button-default button-1 fusion-button-default-span fusion-button-default-type\" target=\"_self\" href=\"\/kontakt\"><i class=\"fa-envelope fas button-icon-left\" aria-hidden=\"true\"><\/i><span class=\"fusion-button-text\">Kontakt<\/span><\/a><\/div><\/div><\/div><\/div><\/div><\/p>\n","protected":false},"excerpt":{"rendered":"","protected":false},"author":2,"featured_media":0,"parent":184,"menu_order":0,"comment_status":"closed","ping_status":"closed","template":"100-width.php","meta":{"footnotes":""},"class_list":["post-200","page","type-page","status-publish","hentry"],"acf":[],"yoast_head":"<!-- This site is optimized with the Yoast SEO plugin v26.1.1 - https:\/\/yoast.com\/wordpress\/plugins\/seo\/ -->\n<title>Ja\u0161a Furlan, ustanovitelj agencije Amazoniac Agency<\/title>\n<meta name=\"description\" content=\"Ja\u0161a Furlan, ustanovitelj Amazoniac Agency. Vodilni strokovnjak za prodajo in ogla\u0161evanje na Amazonu, z ve\u010d kot 10-letnimi izku\u0161njami s Seller in Vendor ra\u010duni.\" \/>\n<meta name=\"robots\" content=\"index, follow, max-snippet:-1, max-image-preview:large, max-video-preview:-1\" \/>\n<link rel=\"canonical\" href=\"https:\/\/amazoniac.agency\/sl\/o-nas\/jasa-furlan\/\" \/>\n<meta property=\"og:locale\" content=\"sl_SI\" \/>\n<meta property=\"og:type\" content=\"article\" \/>\n<meta property=\"og:title\" content=\"Ja\u0161a Furlan, ustanovitelj agencije Amazoniac Agency\" \/>\n<meta property=\"og:description\" content=\"Ja\u0161a Furlan, ustanovitelj Amazoniac Agency. Vodilni strokovnjak za prodajo in ogla\u0161evanje na Amazonu, z ve\u010d kot 10-letnimi izku\u0161njami s Seller in Vendor ra\u010duni.\" \/>\n<meta property=\"og:url\" content=\"https:\/\/amazoniac.agency\/sl\/o-nas\/jasa-furlan\/\" \/>\n<meta property=\"og:site_name\" content=\"Amazoniac agency\" \/>\n<meta property=\"article:publisher\" content=\"https:\/\/www.facebook.com\/amazoniac.agency\" \/>\n<meta property=\"article:modified_time\" content=\"2024-10-28T09:31:50+00:00\" \/>\n<meta name=\"twitter:card\" content=\"summary_large_image\" \/>\n<meta name=\"twitter:label1\" content=\"Est. reading time\" \/>\n\t<meta name=\"twitter:data1\" content=\"2 minuti\" \/>\n<script type=\"application\/ld+json\" class=\"yoast-schema-graph\">{\"@context\":\"https:\/\/schema.org\",\"@graph\":[{\"@type\":\"WebPage\",\"@id\":\"https:\/\/amazoniac.agency\/sl\/o-nas\/jasa-furlan\/\",\"url\":\"https:\/\/amazoniac.agency\/sl\/o-nas\/jasa-furlan\/\",\"name\":\"Ja\u0161a Furlan, ustanovitelj agencije Amazoniac Agency\",\"isPartOf\":{\"@id\":\"https:\/\/amazoniac.agency\/sl\/#website\"},\"datePublished\":\"2024-10-28T09:17:25+00:00\",\"dateModified\":\"2024-10-28T09:31:50+00:00\",\"description\":\"Ja\u0161a Furlan, ustanovitelj Amazoniac Agency. Vodilni strokovnjak za prodajo in ogla\u0161evanje na Amazonu, z ve\u010d kot 10-letnimi izku\u0161njami s Seller in Vendor ra\u010duni.\",\"breadcrumb\":{\"@id\":\"https:\/\/amazoniac.agency\/sl\/o-nas\/jasa-furlan\/#breadcrumb\"},\"inLanguage\":\"sl-SI\",\"potentialAction\":[{\"@type\":\"ReadAction\",\"target\":[\"https:\/\/amazoniac.agency\/sl\/o-nas\/jasa-furlan\/\"]}]},{\"@type\":\"BreadcrumbList\",\"@id\":\"https:\/\/amazoniac.agency\/sl\/o-nas\/jasa-furlan\/#breadcrumb\",\"itemListElement\":[{\"@type\":\"ListItem\",\"position\":1,\"name\":\"Home\",\"item\":\"https:\/\/amazoniac.agency\/sl\/\"},{\"@type\":\"ListItem\",\"position\":2,\"name\":\"O nas\",\"item\":\"https:\/\/amazoniac.agency\/sl\/o-nas\/\"},{\"@type\":\"ListItem\",\"position\":3,\"name\":\"Ja\u0161a Furlan\"}]},{\"@type\":\"WebSite\",\"@id\":\"https:\/\/amazoniac.agency\/sl\/#website\",\"url\":\"https:\/\/amazoniac.agency\/sl\/\",\"name\":\"Amazoniac agency\",\"description\":\"\",\"publisher\":{\"@id\":\"https:\/\/amazoniac.agency\/sl\/#organization\"},\"potentialAction\":[{\"@type\":\"SearchAction\",\"target\":{\"@type\":\"EntryPoint\",\"urlTemplate\":\"https:\/\/amazoniac.agency\/sl\/?s={search_term_string}\"},\"query-input\":{\"@type\":\"PropertyValueSpecification\",\"valueRequired\":true,\"valueName\":\"search_term_string\"}}],\"inLanguage\":\"sl-SI\"},{\"@type\":\"Organization\",\"@id\":\"https:\/\/amazoniac.agency\/sl\/#organization\",\"name\":\"Amazoniac agency\",\"url\":\"https:\/\/amazoniac.agency\/sl\/\",\"logo\":{\"@type\":\"ImageObject\",\"inLanguage\":\"sl-SI\",\"@id\":\"https:\/\/amazoniac.agency\/sl\/#\/schema\/logo\/image\/\",\"url\":\"https:\/\/amazoniac.agency\/sl\/wp-content\/uploads\/2025\/02\/Logo_FB_01.jpg\",\"contentUrl\":\"https:\/\/amazoniac.agency\/sl\/wp-content\/uploads\/2025\/02\/Logo_FB_01.jpg\",\"width\":850,\"height\":850,\"caption\":\"Amazoniac agency\"},\"image\":{\"@id\":\"https:\/\/amazoniac.agency\/sl\/#\/schema\/logo\/image\/\"},\"sameAs\":[\"https:\/\/www.facebook.com\/amazoniac.agency\",\"https:\/\/www.linkedin.com\/company\/amazoniac-agency\"]}]}<\/script>\n<!-- \/ Yoast SEO plugin. -->","yoast_head_json":{"title":"Ja\u0161a Furlan, ustanovitelj agencije Amazoniac Agency","description":"Ja\u0161a Furlan, ustanovitelj Amazoniac Agency. Vodilni strokovnjak za prodajo in ogla\u0161evanje na Amazonu, z ve\u010d kot 10-letnimi izku\u0161njami s Seller in Vendor ra\u010duni.","robots":{"index":"index","follow":"follow","max-snippet":"max-snippet:-1","max-image-preview":"max-image-preview:large","max-video-preview":"max-video-preview:-1"},"canonical":"https:\/\/amazoniac.agency\/sl\/o-nas\/jasa-furlan\/","og_locale":"sl_SI","og_type":"article","og_title":"Ja\u0161a Furlan, ustanovitelj agencije Amazoniac Agency","og_description":"Ja\u0161a Furlan, ustanovitelj Amazoniac Agency. Vodilni strokovnjak za prodajo in ogla\u0161evanje na Amazonu, z ve\u010d kot 10-letnimi izku\u0161njami s Seller in Vendor ra\u010duni.","og_url":"https:\/\/amazoniac.agency\/sl\/o-nas\/jasa-furlan\/","og_site_name":"Amazoniac agency","article_publisher":"https:\/\/www.facebook.com\/amazoniac.agency","article_modified_time":"2024-10-28T09:31:50+00:00","twitter_card":"summary_large_image","twitter_misc":{"Est. reading time":"2 minuti"},"schema":{"@context":"https:\/\/schema.org","@graph":[{"@type":"WebPage","@id":"https:\/\/amazoniac.agency\/sl\/o-nas\/jasa-furlan\/","url":"https:\/\/amazoniac.agency\/sl\/o-nas\/jasa-furlan\/","name":"Ja\u0161a Furlan, ustanovitelj agencije Amazoniac Agency","isPartOf":{"@id":"https:\/\/amazoniac.agency\/sl\/#website"},"datePublished":"2024-10-28T09:17:25+00:00","dateModified":"2024-10-28T09:31:50+00:00","description":"Ja\u0161a Furlan, ustanovitelj Amazoniac Agency. Vodilni strokovnjak za prodajo in ogla\u0161evanje na Amazonu, z ve\u010d kot 10-letnimi izku\u0161njami s Seller in Vendor ra\u010duni.","breadcrumb":{"@id":"https:\/\/amazoniac.agency\/sl\/o-nas\/jasa-furlan\/#breadcrumb"},"inLanguage":"sl-SI","potentialAction":[{"@type":"ReadAction","target":["https:\/\/amazoniac.agency\/sl\/o-nas\/jasa-furlan\/"]}]},{"@type":"BreadcrumbList","@id":"https:\/\/amazoniac.agency\/sl\/o-nas\/jasa-furlan\/#breadcrumb","itemListElement":[{"@type":"ListItem","position":1,"name":"Home","item":"https:\/\/amazoniac.agency\/sl\/"},{"@type":"ListItem","position":2,"name":"O nas","item":"https:\/\/amazoniac.agency\/sl\/o-nas\/"},{"@type":"ListItem","position":3,"name":"Ja\u0161a Furlan"}]},{"@type":"WebSite","@id":"https:\/\/amazoniac.agency\/sl\/#website","url":"https:\/\/amazoniac.agency\/sl\/","name":"Amazoniac agency","description":"","publisher":{"@id":"https:\/\/amazoniac.agency\/sl\/#organization"},"potentialAction":[{"@type":"SearchAction","target":{"@type":"EntryPoint","urlTemplate":"https:\/\/amazoniac.agency\/sl\/?s={search_term_string}"},"query-input":{"@type":"PropertyValueSpecification","valueRequired":true,"valueName":"search_term_string"}}],"inLanguage":"sl-SI"},{"@type":"Organization","@id":"https:\/\/amazoniac.agency\/sl\/#organization","name":"Amazoniac agency","url":"https:\/\/amazoniac.agency\/sl\/","logo":{"@type":"ImageObject","inLanguage":"sl-SI","@id":"https:\/\/amazoniac.agency\/sl\/#\/schema\/logo\/image\/","url":"https:\/\/amazoniac.agency\/sl\/wp-content\/uploads\/2025\/02\/Logo_FB_01.jpg","contentUrl":"https:\/\/amazoniac.agency\/sl\/wp-content\/uploads\/2025\/02\/Logo_FB_01.jpg","width":850,"height":850,"caption":"Amazoniac agency"},"image":{"@id":"https:\/\/amazoniac.agency\/sl\/#\/schema\/logo\/image\/"},"sameAs":["https:\/\/www.facebook.com\/amazoniac.agency","https:\/\/www.linkedin.com\/company\/amazoniac-agency"]}]}},"_links":{"self":[{"href":"https:\/\/amazoniac.agency\/sl\/wp-json\/wp\/v2\/pages\/200","targetHints":{"allow":["GET"]}}],"collection":[{"href":"https:\/\/amazoniac.agency\/sl\/wp-json\/wp\/v2\/pages"}],"about":[{"href":"https:\/\/amazoniac.agency\/sl\/wp-json\/wp\/v2\/types\/page"}],"author":[{"embeddable":true,"href":"https:\/\/amazoniac.agency\/sl\/wp-json\/wp\/v2\/users\/2"}],"replies":[{"embeddable":true,"href":"https:\/\/amazoniac.agency\/sl\/wp-json\/wp\/v2\/comments?post=200"}],"version-history":[{"count":7,"href":"https:\/\/amazoniac.agency\/sl\/wp-json\/wp\/v2\/pages\/200\/revisions"}],"predecessor-version":[{"id":207,"href":"https:\/\/amazoniac.agency\/sl\/wp-json\/wp\/v2\/pages\/200\/revisions\/207"}],"up":[{"embeddable":true,"href":"https:\/\/amazoniac.agency\/sl\/wp-json\/wp\/v2\/pages\/184"}],"wp:attachment":[{"href":"https:\/\/amazoniac.agency\/sl\/wp-json\/wp\/v2\/media?parent=200"}],"curies":[{"name":"wp","href":"https:\/\/api.w.org\/{rel}","templated":true}]}}