{"id":210,"date":"2024-10-28T10:36:46","date_gmt":"2024-10-28T09:36:46","guid":{"rendered":"https:\/\/amazoniac.agency\/sl\/?page_id=210"},"modified":"2024-10-28T12:27:47","modified_gmt":"2024-10-28T11:27:47","slug":"splosni-pogoji","status":"publish","type":"page","link":"https:\/\/amazoniac.agency\/sl\/splosni-pogoji\/","title":{"rendered":"Splo\u0161ni pogoji"},"content":{"rendered":"<div class=\"fusion-fullwidth fullwidth-box fusion-builder-row-1 fusion-flex-container has-pattern-background has-mask-background nonhundred-percent-fullwidth non-hundred-percent-height-scrolling\" style=\"--awb-border-radius-top-left:0px;--awb-border-radius-top-right:0px;--awb-border-radius-bottom-right:0px;--awb-border-radius-bottom-left:0px;--awb-flex-wrap:wrap;\" ><div class=\"fusion-builder-row fusion-row fusion-flex-align-items-flex-start fusion-flex-content-wrap\" style=\"max-width:1258.4px;margin-left: calc(-4% \/ 2 );margin-right: calc(-4% \/ 2 );\"><div class=\"fusion-layout-column fusion_builder_column fusion-builder-column-0 fusion_builder_column_1_1 1_1 fusion-flex-column\" style=\"--awb-bg-size:cover;--awb-width-large:100%;--awb-margin-top-large:0px;--awb-spacing-right-large:1.92%;--awb-margin-bottom-large:20px;--awb-spacing-left-large:1.92%;--awb-width-medium:100%;--awb-order-medium:0;--awb-spacing-right-medium:1.92%;--awb-spacing-left-medium:1.92%;--awb-width-small:100%;--awb-order-small:0;--awb-spacing-right-small:1.92%;--awb-spacing-left-small:1.92%;\"><div class=\"fusion-column-wrapper fusion-column-has-shadow fusion-flex-justify-content-flex-start fusion-content-layout-column\"><div class=\"fusion-title title fusion-title-1 fusion-sep-none fusion-title-text fusion-title-size-one\"><h1 class=\"fusion-title-heading title-heading-left\" style=\"margin:0;\">Splo\u0161ni pogoji<\/h1><\/div><div class=\"fusion-text fusion-text-1\"><h2>SPLO\u0160NI POGOJI OBDELAVE OSEBNIH PODATKOV<\/h2>\n<p>V marketin\u0161ki agenciji Amazoniac.agency se zavedamo pomena varnosti osebnih podatkov posameznikov in veljavno nacionalno kot tudi evropsko zakonodajo s tega podro\u010dja skrbno spo\u0161tujemo in uveljavljamo.<\/p>\n<p>Va\u0161e podatke obdelujemo z namenom, da vam priskrbimo najbolj\u0161o izku\u0161njo z na\u0161imi produkti in storitvami, obenem pa zagotavljamo najvi\u0161jo stopnjo skrbnosti na podro\u010dju varnosti in diskretnosti pri shranjevanju ter obdelavi va\u0161ih osebnih podatkov.<\/p>\n<p>Vsa na\u0161a ravnanja, ki so povezana z osebnimi podatki, so v skladu s trenutno veljavno zakonodajo podro\u010dja varstva osebnih podatkov. Tako skrbimo, da so va\u0161i osebni podatki primerno in skrbno shranjeni, zagotavljamo nadzor nad nameni obdelave va\u0161ih osebnih podatkov in omogo\u010damo, da lahko uveljavljate vse pravice, ki jih imate po veljavni zakonodaji.<\/p>\n<p>Kot posameznik imate pravico, da zahtevate: (a) seznanitev o tem, katere va\u0161e osebne podatke obdelujemo in za kak\u0161ne namene;\u00a0 (b) omejitev ali izbris va\u0161ih osebnih podatkov iz na\u0161ih zbirk; (c) popravek va\u0161ih osebnih podatkov v primeru nepopolnosti v na\u0161i zbirki; (d) prenos osebnih podatkov iz na\u0161e zbirke k drugemu obdelovalcu oziroma upravljavcu osebnih podatkov; (e) ugovor v primeru, da je obdelava namenjena neposrednemu tr\u017eenju, vklju\u010dno z oblikovanjem profilov, mi pa imamo dol\u017enost, da so vam te pravice uresni\u010dene. Ve\u010d o va\u0161ih pravicah pa si lahko preberete v nadaljevanju.<\/p>\n<h2 class=\"wp-block-heading\">PRAVNE PODLAGE ZA OBDELAVO<\/h2>\n<p>Amazoniac.agency obdeluje va\u0161e osebne podatke le, \u010de ima za to zakonsko ali drugo pravno podlago. Tako obdelujemo podatke na naslednjih podlagah:<\/p>\n<p>Va\u0161a neposredna privolitev v okviru kontaktnega obrazca in uporabe spletne analitike;<\/p>\n<p>za izvajanje pogodbe, ki se sklene med nami kot izvajalcu storitve in vami kot naro\u010dniku storitve;<\/p>\n<p>zaradi izvajanja ukrepov pred sklenitvijo pogodbe;<\/p>\n<p>zakoniti interes, ki se predvsem nana\u0161a na neposredno tr\u017eenje na\u0161ih storitev; ter<\/p>\n<p>izpolnitev zakonskih obveznostih, predvsem v primeru neizpolnjevanja pogodbenih obveznosti ter s tem primernih sankcij.<\/p>\n<h2>PODATKI, KI JIH OBDELUJEMO IN NA\u0160 NAMEN<\/h2>\n<p>Podatki, ki jih pridobimo na podlagi kontaktnega obrazca<\/p>\n<p>Podatki, ki jih pridobimo na podlagi kontaktnega obrazca so va\u0161i ime in priimek, telefonska \u0161tevilka, e-naslov ter storitev\/-ve, ki jo potrebujete. Zbiramo jih na varen na\u010din. Uporabimo jih z namenom odgovora na va\u0161e povpra\u0161evanje in nadaljnjega poslovnega sodelovanja. Teh podatkov ne uporabimo v tr\u017eenjske namene.<\/p>\n<p>Podatki, ki jih pridobimo na podlagi sklenjene pogodbe<\/p>\n<p>Podatki, ki jih pridobimo na podlagi sklenjene pogodbe so naziv podjetja, naslov, dav\u010dna in mati\u010dna \u0161tevilka ter ime, priimek in e-naslov kontaktne osebe. Potrebujemo jih za nemoteno delo, izdajo ra\u010dunov ter v kasnej\u0161i fazi za morebitno izterjavo.<\/p>\n<p>Podatki, ki jih pridobimo iz javnih evidenc<\/p>\n<p>Podatki, ki jih pridobimo iz javnih evidenc so naziv podjetja, naslov ter dav\u010dna \u0161tevilka. Potrebujemo jih za izdajo ra\u010duna. V na\u0161i poslovni praksi ni zbiranja podatkov iz baz za tr\u017eenjske namene.<\/p>\n<p>Podatke fizi\u010dnih oseb obdelujemo na zahtevo naro\u010dnikov in po pogodbi z njimi. Za to, da so podatki zbrani na zakonit na\u010din, poskrbi sam naro\u010dnik. Mi pa pri tem pridobimo vse potrebne informacije, da so bili podatki zares pridobljeni na zakonit na\u010din.<\/p>\n<p>Za namen ogla\u0161evalske kampanje uporabljamo orodja Facebook Business Manager, Google Ads ter Google Analytics. To je na\u0161a temeljna dejavnost, pri \u010demer sama orodja zagotavljajo skladnost z evropsko zakonodajo o varovanju osebnih podatkov.<\/p>\n<p>Za namen tr\u017eenja na\u0161ih storitev se ogla\u0161ujemo na razli\u010dnih platformah (Google Ads, Facebook Business Manager), pri \u010demer uporabljamo podatke, ki jih pridobimo s pomo\u010djo ogla\u0161evalskih orodij. S temi orodji nimamo dostopa do konkretnih osebnih podatkov, ampak lahko na podlagi teh podatkov, ki so anonimizirani, profiliramo obiskovalce na\u0161e strani. S tem \u017eelimo, da je na\u0161e tr\u017eenje namenjeno tistim, ki jih zanimajo ogla\u0161evalske storitve in da dobijo sebi primerne oglase.<\/p>\n<h2 class=\"wp-block-heading\">OBDELAVA OSEBNIH PODATKOV OB OBISKU SPLETNE STRANI AMAZONIAC.AGENCY<\/h2>\n<p>Za zagotavljanje najbolj\u0161e uporabni\u0161ke izku\u0161nje na na\u0161i spletni strani uporabljamo napreden program za spletno analitiko Google Analytics. Namen je, da se vam kot uporabnikom zagotovi, da spletna stran deluje brez te\u017eav in da se optimizira v prid vseh na\u0161ih obiskovalcev.<\/p>\n<p>Kot uporabnik na\u0161e spletne strani imate takoj ob obisku naslovne strani pravico, da ne privolite v obdelavo teh podatkov. Obdelavi se izognete z ustreznimi nastavitvami pi\u0161kotkov ob obisku spletne strani ali ustreznimi nastavitvami za uporabo pi\u0161kotkov na spletnem brskalniku, ki ga uporabljate.<\/p>\n<p>\u010ce se odlo\u010dite, da \u017eelite podati soglasje za uporabo spletne analitike, lahko to storite na enak na\u010din, kot ste jo izklopili oziroma zavrnili. To lahko spremenite na naslovni spletni strani.<\/p>\n<p>\u010ce privolite v obdelavo podatkov (sprejmete pi\u0161kotke na strani), potem pridobimo va\u0161 anonimiziran IP-naslov, kar pomeni, da so vsi va\u0161i osebni podatki kriptirani in nam niso na voljo.<\/p>\n<h2 class=\"wp-block-heading\">PRAVICE POSAMEZNIKOV, KATERIH OSEBNI PODATKI SE OBDELUJEJO<\/h2>\n<p>Posamezniki, katerih osebne podatke obdelujemo, imate pravico, da lahko od Amazoniac.Agency zahtevate:<\/p>\n<p>dostop do osebnih podatkov,<\/p>\n<p>popravek osebnih podatkov,<\/p>\n<p>izbris osebnih podatkov iz zbirke osebnih podatkov in<\/p>\n<p>omejitev obdelave va\u0161ih osebnih podatkov.<\/p>\n<p>Kot posameznik imate tudi pravico do ugovora obdelave in pravico do prenosljivosti va\u0161ih osebnih podatkov.<\/p>\n<p>Pravice uveljavljate s pisno zahtevo, ki jo posredujete preko elektronske po\u0161te na naslov info at amazoniac.agency.<\/p>\n<p>O va\u0161i zahtevi bomo odlo\u010dili v enem mesecu po prejemu va\u0161e zahteve. Ta rok lahko podalj\u0161amo za najve\u010d dva dodatna meseca, in sicer v primeru zapletenosti in ve\u010djega \u0161tevila zahtev, o \u010demer boste obve\u0161\u010deni.<\/p>\n<h3>Dostop do svojih osebnih podatkov oziroma seznanitev z obdelavo<\/h3>\n<p>Vedno imate pravico do seznanitve ali se v zvezi z vami obdelujejo osebni podatki. Kadar je temu tako, vam zagotavljamo dostop do va\u0161ih osebnih podatkov in naslednje informacije: (a) namen\/-e obdelave; (b) vrste osebnih podatkov; (c) uporabnike, ki so jim bili ali jim bodo razkriti osebni podatki; (d) predvideno obdobje hrambe osebnih podatkov ali, \u010de to ni mogo\u010de, merila, ki se uporabijo za dolo\u010ditev tega obdobja; (e) kadar osebni podatki niso zbrani od vas vse razpolo\u017eljive informacije v zvezi z njihovim virom.<\/p>\n<p>Seznanitev z obdelavo osebnih podatkov je brezpla\u010dna, razen kadar so zahteve posameznika, na katerega se nana\u0161ajo osebni podatki, o\u010ditno neutemeljene ali pretirane, zlasti ker se ponavljajo. V takem primeru lahko upravljavec: (a) zara\u010duna razumno pristojbino, pri \u010demer upo\u0161teva upravne stro\u0161ke posredovanja informacij ali sporo\u010dila ali izvajanja zahtevanega ukrepa, ali (b) zavrne ukrepanje v zvezi z zahtevo.<\/p>\n<h3>Pravica do popravka<\/h3>\n<p>Kot posameznik imate po zakonodaji pravico, da popravimo neto\u010dne osebne podatke v zvezi z vami ter ob upo\u0161tevanju namenov obdelave pravico do dopolnitve nepopolnih osebnih podatkov.<\/p>\n<h3>Pravica do izbrisa<\/h3>\n<p>Pravico imate dose\u010di, da va\u0161e osebne podatke izbri\u0161emo, kadar velja eden od naslednjih razlogov: (a) osebni podatki niso ve\u010d potrebni v namene, za katere so bili zbrani ali kako druga\u010de obdelani; (b) kadar prekli\u010dete privolitev, na podlagi katere poteka obdelava in kadar za obdelavo ne obstaja nobena druga pravna podlaga; (c) kadar obdelavi ugovarjate, za njihovo obdelavo pa ne obstajajo nobeni prevladujo\u010di zakoniti razlogi; (d) osebni podatki so bili obdelani nezakonito.<\/p>\n<h3>Pravica do omejitve obdelave<\/h3>\n<p>Pravico imate dose\u010di, da omejimo obdelavo va\u0161ih osebnih podatkov, kadar velja en od naslednjih primerov: (a) kadar oporekate to\u010dnosti podatkov, in sicer za obdobje, ki nam omogo\u010da preveriti to\u010dnost osebnih podatkov; (b) je obdelava nezakonita, vi pa nasprotuje izbrisu osebnih podatkov ter namesto tega zahteva omejitev njihove uporabe; (c) va\u0161ih osebnih podatkov ne potrebujemo ve\u010d za namene obdelave, temve\u010d jih vi potrebujete za uveljavljanje, izvajanje ali obrambo pravnih zahtevkov; (d) \u010de ste vlo\u017eili ugovor v zvezi z obdelavo, ki temelji na na\u0161ih zakonitih interesih, dokler se ne preveri, ali na\u0161i zakoniti razlogi prevladajo nad va\u0161imi razlogi.<\/p>\n<p>\u010ce je bila obdelava osebnih podatkov omejena, se ti obdelujejo le z va\u0161o privolitvijo z izjemo njihovega shranjevanja, ali za uveljavljanje, izvajanje ali obrambo pravnih zahtevkov ali zaradi varstva pravic druge fizi\u010dne ali pravne osebe.<\/p>\n<p>Pred preklicem omejitve obdelave va\u0161ih osebnih podatkov smo vas o tem dol\u017eni obvestiti.<\/p>\n<h3>Pravica do prenosljivosti podatkov<\/h3>\n<p>Imate pravico, da prejmete va\u0161e osebne podatke, ki ste nam jih posredovali v strukturirani, splo\u0161no uporabljani in strojno berljivi obliki, in pravico, da te podatke posredujete drugemu upravljavcu, kadar obdelava temelji na va\u0161i privolitvi ali se obdelava izvaja z avtomatiziranimi sredstvi. Na va\u0161o zahtevo, kadar je to tehni\u010dno izvedljivo, se lahko osebni podatki neposredno prenesejo k drugemu upravljavcu.<\/p>\n<h3>Pravica do ugovora<\/h3>\n<p>Kadar va\u0161e podatke obdelujemo na podlagi zakonitega interesa za namene tr\u017eenja, vklju\u010dno z oblikovanjem profilov, lahko taki obdelavi kadarkoli ugovarjate.<\/p>\n<p>Pravica do vlo\u017eitve prito\u017ebe pri Informacijskem poobla\u0161\u010dencu<\/p>\n<p>\u010ce o va\u0161i zahtevi ne odlo\u010dimo v zakonskem roku ali va\u0161o zahtevo zavrnemo, imate mo\u017enost vlo\u017eitve prito\u017ebe pri Informacijskem poobla\u0161\u010dencu.<\/p>\n<h2>OBDOBJE HRAMBE OSEBNIH PODATKOV<\/h2>\n<p>Podatke hranimo najve\u010d toliko \u010dasa, kolikor je potrebno za dosego namena, zaradi katerega smo jih zbrali ali nadalje obdelali oziroma do poteka zastaralnih rokov za izpolnitev obveznosti ali zakonsko predpisanega roka hrambe.<\/p>\n<p>Podatke o naro\u010dnikih, katerih obdelava temelji na zakonu po prenehanju storitvenega razmerja hranimo do popolnega pla\u010dila storitev, vendar najdlje do poteka zastaralnega roka za svoje terjatve za izvajanje storitev, razen, ko je z zakonom dolo\u010den dalj\u0161i rok hrambe.<\/p>\n<p>Druge podatke, ki jih pridobimo na podlagi va\u0161ega soglasja, hranimo za \u010das trajanja sodelovanja\u00a0 in \u0161e 2 leti po prenehanju, razen \u010de zakon dolo\u010da dalj\u0161i rok hrambe. \u010ce stranka, ki je dala soglasje za obdelavo osebnih podatkov, ni vstopila v poslovno razmerje z nami, njeno soglasje velja 2 leti od njegove podaje.<\/p>\n<p>Po poteku obdobja hrambe se podatki zbri\u0161ejo, uni\u010dijo, blokirajo ali anonimizirajo, \u010de zakon za posamezno vrsto podatkov ne dolo\u010da druga\u010de.<\/p>\n<h2>PODATKI O UPRAVLJAVCU<\/h2>\n<p>Va\u0161e osebne podatke zbira in obdeluje Amazoniac.agency.<\/p>\n<p>Poobla\u0161\u010dena oseba za varstvo osebnih podatkov dolo\u010dena s strani upravljalca je dostopna preko naslova e-po\u0161te: info at amazoniac.agency.<\/p>\n<h2>KON\u010cNE DOLO\u010cBE<\/h2>\n<p>\u010ce s temi pogoji obdelave osebnih podatkov dolo\u010dena podro\u010dja niso urejena, se namesto njih uporablja veljavna zakonodaja.<\/p>\n<p>Pridr\u017eujemo si pravico do spremembe teh pogojev obdelave. O spremembi vas bomo seznanili z objavo na uradni spletni strani oziroma na drug primeren na\u010din. Sprememba do objavljena v objavljena mesecu dni pred pri\u010detkom veljavnosti le-te na uradni spletni strani.<\/p>\n<h2>PI\u0160KOTKI<\/h2>\n<p>Na spletni strani amazoniac.agency cenimo zasebnost na\u0161ih obiskovalcev. Ta dokument o politiki pi\u0161kotkov opisuje na\u010dine in tip informacij, ki jih spletno mesto amazoniac.agency pridobiva, zbira in obdeluje.<\/p>\n<h3>Podatki o obiskovalcih<\/h3>\n<p>Kot veliko drugih spletnih mest tudi amazoniac.agency bele\u017ei dolo\u010dene podatke o obiskovalcih spletnega mesta. Podatki kot so tip brskalnika, ponudnik internetnih storitev (ISP), datume in \u010dasovne okvire, ki se nana\u0161ajo na prihod in izhod iz na\u0161ega spletnega mesta, razli\u010dno bele\u017eenje klikov, ki analizirajo tak\u0161ne in druga\u010dne metrike niso v nikakr\u0161ni povezavi z osebnimi podatki prek katerih bi bilo mogo\u010de obiskovalca identificirati.<\/p>\n<p>Onemogo\u010deno je tudi posredovanje podatkov tretjim osebam.<\/p>\n<p>Dodatno anonimnost si lahko zagotovite tudi z uporabo vti\u010dnika, ki ga dobite na https:\/\/tools.google.com\/dlpage\/gaoptout?hl=en.<\/p>\n<figure class=\"wp-block-table\">\n<table>\n<tbody>\n<tr>\n<th>Naziv<\/th>\n<th>Domena<\/th>\n<th>Namen<\/th>\n<th>Kategorija<\/th>\n<th>Trajanje<\/th>\n<\/tr>\n<tr>\n<td>_ga<\/td>\n<td>amazoniac.agency<\/td>\n<td>Parameter za statistiko<\/td>\n<td>Analiti\u010dni pi\u0161kotki<\/td>\n<td>2 leti<\/td>\n<\/tr>\n<tr>\n<td>_utma<\/td>\n<td>amazoniac.agency<\/td>\n<td>Parameter za statistiko<\/td>\n<td>Analiti\u010dni pi\u0161kotki<\/td>\n<td>2 leti<\/td>\n<\/tr>\n<tr>\n<td>_utmb<\/td>\n<td>amazoniac.agency<\/td>\n<td>Parameter za statistiko<\/td>\n<td>Analiti\u010dni pi\u0161kotki<\/td>\n<td>1,5 ure<\/td>\n<\/tr>\n<tr>\n<td>_utmc<\/td>\n<td>amazoniac.agency<\/td>\n<td>Parameter za statistiko<\/td>\n<td>Analiti\u010dni pi\u0161kotki<\/td>\n<td>Seja<\/td>\n<\/tr>\n<tr>\n<td>_utmz<\/td>\n<td>amazoniac.agency<\/td>\n<td>Parameter za statistiko<\/td>\n<td>Analiti\u010dni pi\u0161kotki<\/td>\n<td>1,5 leta<\/td>\n<\/tr>\n<tr>\n<td>datr, c_user, cms, fr, lu, s, xs, p, presence, act, x_src, sub, _e-0brc-0<\/td>\n<td>facebook.com<\/td>\n<td>Parameter za statistiko<\/td>\n<td>Analiti\u010dni pi\u0161kotki<\/td>\n<td>2 leti<\/td>\n<\/tr>\n<\/tbody>\n<\/table>\n<\/figure>\n<h3>Onemogo\u010denje pi\u0161kotkov<\/h3>\n<p>\u010ce \u017eelite onemogo\u010diti pi\u0161kotke lahko to storite na va\u0161ih brskalnikih. O tem, kako to storiti si lahko preberete na uradnih straneh posameznega brskalnika.<\/p>\n<p><a href=\"https:\/\/support.google.com\/chrome\/answer\/95647?hl=sl-sl&amp;p=cpn_cookies\">Chrome<\/a><\/p>\n<p><a href=\"https:\/\/support.mozilla.org\/sl\/kb\/Kako%20aktivirate%20in%20deaktivirate%20pi%C5%A1kote\">Firefox<\/a><\/p>\n<p><a href=\"https:\/\/windows.microsoft.com\/sl-si\/windows7\/how-to-manage-cookies-in-internet-explorer-9\">Internet Explorer 9<\/a><\/p>\n<p><a href=\"https:\/\/windows.microsoft.com\/sl-si\/windows-vista\/block-or-allow-cookies\">Internet Explorer 7 ali 8<\/a><\/p>\n<p><a href=\"https:\/\/www.opera.com\/help\/tutorials\/security\/cookies\/\">Opera<\/a>\u00a0(stran v angle\u0161kem jeziku)<\/p>\n<p><a href=\"https:\/\/support.apple.com\/kb\/PH11913\">Safari<\/a>\u00a0(stran v angle\u0161kem jeziku)<\/p>\n<p>Predmetni pogoji obdelave veljajo in se uporabljajo od 1. januarja 2020.<\/p>\n<\/div><\/div><\/div><\/div><\/div>\n","protected":false},"excerpt":{"rendered":"","protected":false},"author":2,"featured_media":0,"parent":0,"menu_order":0,"comment_status":"closed","ping_status":"closed","template":"100-width.php","meta":{"footnotes":""},"class_list":["post-210","page","type-page","status-publish","hentry"],"acf":[],"yoast_head":"<!-- This site is optimized with the Yoast SEO plugin v26.1.1 - https:\/\/yoast.com\/wordpress\/plugins\/seo\/ -->\n<title>Amazoniac.agency - Splo\u0161ni pogoji<\/title>\n<meta name=\"robots\" content=\"index, follow, max-snippet:-1, max-image-preview:large, max-video-preview:-1\" \/>\n<link rel=\"canonical\" href=\"https:\/\/amazoniac.agency\/sl\/splosni-pogoji\/\" \/>\n<meta property=\"og:locale\" content=\"sl_SI\" \/>\n<meta property=\"og:type\" content=\"article\" \/>\n<meta property=\"og:title\" content=\"Amazoniac.agency - Splo\u0161ni pogoji\" \/>\n<meta property=\"og:url\" content=\"https:\/\/amazoniac.agency\/sl\/splosni-pogoji\/\" \/>\n<meta property=\"og:site_name\" content=\"Amazoniac agency\" \/>\n<meta property=\"article:publisher\" content=\"https:\/\/www.facebook.com\/amazoniac.agency\" \/>\n<meta property=\"article:modified_time\" content=\"2024-10-28T11:27:47+00:00\" \/>\n<meta name=\"twitter:card\" content=\"summary_large_image\" \/>\n<meta name=\"twitter:label1\" content=\"Est. reading time\" \/>\n\t<meta name=\"twitter:data1\" content=\"11 minut\" \/>\n<script type=\"application\/ld+json\" class=\"yoast-schema-graph\">{\"@context\":\"https:\/\/schema.org\",\"@graph\":[{\"@type\":\"WebPage\",\"@id\":\"https:\/\/amazoniac.agency\/sl\/splosni-pogoji\/\",\"url\":\"https:\/\/amazoniac.agency\/sl\/splosni-pogoji\/\",\"name\":\"Amazoniac.agency - Splo\u0161ni pogoji\",\"isPartOf\":{\"@id\":\"https:\/\/amazoniac.agency\/sl\/#website\"},\"datePublished\":\"2024-10-28T09:36:46+00:00\",\"dateModified\":\"2024-10-28T11:27:47+00:00\",\"breadcrumb\":{\"@id\":\"https:\/\/amazoniac.agency\/sl\/splosni-pogoji\/#breadcrumb\"},\"inLanguage\":\"sl-SI\",\"potentialAction\":[{\"@type\":\"ReadAction\",\"target\":[\"https:\/\/amazoniac.agency\/sl\/splosni-pogoji\/\"]}]},{\"@type\":\"BreadcrumbList\",\"@id\":\"https:\/\/amazoniac.agency\/sl\/splosni-pogoji\/#breadcrumb\",\"itemListElement\":[{\"@type\":\"ListItem\",\"position\":1,\"name\":\"Home\",\"item\":\"https:\/\/amazoniac.agency\/sl\/\"},{\"@type\":\"ListItem\",\"position\":2,\"name\":\"Splo\u0161ni pogoji\"}]},{\"@type\":\"WebSite\",\"@id\":\"https:\/\/amazoniac.agency\/sl\/#website\",\"url\":\"https:\/\/amazoniac.agency\/sl\/\",\"name\":\"Amazoniac agency\",\"description\":\"\",\"publisher\":{\"@id\":\"https:\/\/amazoniac.agency\/sl\/#organization\"},\"potentialAction\":[{\"@type\":\"SearchAction\",\"target\":{\"@type\":\"EntryPoint\",\"urlTemplate\":\"https:\/\/amazoniac.agency\/sl\/?s={search_term_string}\"},\"query-input\":{\"@type\":\"PropertyValueSpecification\",\"valueRequired\":true,\"valueName\":\"search_term_string\"}}],\"inLanguage\":\"sl-SI\"},{\"@type\":\"Organization\",\"@id\":\"https:\/\/amazoniac.agency\/sl\/#organization\",\"name\":\"Amazoniac agency\",\"url\":\"https:\/\/amazoniac.agency\/sl\/\",\"logo\":{\"@type\":\"ImageObject\",\"inLanguage\":\"sl-SI\",\"@id\":\"https:\/\/amazoniac.agency\/sl\/#\/schema\/logo\/image\/\",\"url\":\"https:\/\/amazoniac.agency\/sl\/wp-content\/uploads\/2025\/02\/Logo_FB_01.jpg\",\"contentUrl\":\"https:\/\/amazoniac.agency\/sl\/wp-content\/uploads\/2025\/02\/Logo_FB_01.jpg\",\"width\":850,\"height\":850,\"caption\":\"Amazoniac agency\"},\"image\":{\"@id\":\"https:\/\/amazoniac.agency\/sl\/#\/schema\/logo\/image\/\"},\"sameAs\":[\"https:\/\/www.facebook.com\/amazoniac.agency\",\"https:\/\/www.linkedin.com\/company\/amazoniac-agency\"]}]}<\/script>\n<!-- \/ Yoast SEO plugin. -->","yoast_head_json":{"title":"Amazoniac.agency - Splo\u0161ni pogoji","robots":{"index":"index","follow":"follow","max-snippet":"max-snippet:-1","max-image-preview":"max-image-preview:large","max-video-preview":"max-video-preview:-1"},"canonical":"https:\/\/amazoniac.agency\/sl\/splosni-pogoji\/","og_locale":"sl_SI","og_type":"article","og_title":"Amazoniac.agency - Splo\u0161ni pogoji","og_url":"https:\/\/amazoniac.agency\/sl\/splosni-pogoji\/","og_site_name":"Amazoniac agency","article_publisher":"https:\/\/www.facebook.com\/amazoniac.agency","article_modified_time":"2024-10-28T11:27:47+00:00","twitter_card":"summary_large_image","twitter_misc":{"Est. reading time":"11 minut"},"schema":{"@context":"https:\/\/schema.org","@graph":[{"@type":"WebPage","@id":"https:\/\/amazoniac.agency\/sl\/splosni-pogoji\/","url":"https:\/\/amazoniac.agency\/sl\/splosni-pogoji\/","name":"Amazoniac.agency - Splo\u0161ni pogoji","isPartOf":{"@id":"https:\/\/amazoniac.agency\/sl\/#website"},"datePublished":"2024-10-28T09:36:46+00:00","dateModified":"2024-10-28T11:27:47+00:00","breadcrumb":{"@id":"https:\/\/amazoniac.agency\/sl\/splosni-pogoji\/#breadcrumb"},"inLanguage":"sl-SI","potentialAction":[{"@type":"ReadAction","target":["https:\/\/amazoniac.agency\/sl\/splosni-pogoji\/"]}]},{"@type":"BreadcrumbList","@id":"https:\/\/amazoniac.agency\/sl\/splosni-pogoji\/#breadcrumb","itemListElement":[{"@type":"ListItem","position":1,"name":"Home","item":"https:\/\/amazoniac.agency\/sl\/"},{"@type":"ListItem","position":2,"name":"Splo\u0161ni pogoji"}]},{"@type":"WebSite","@id":"https:\/\/amazoniac.agency\/sl\/#website","url":"https:\/\/amazoniac.agency\/sl\/","name":"Amazoniac agency","description":"","publisher":{"@id":"https:\/\/amazoniac.agency\/sl\/#organization"},"potentialAction":[{"@type":"SearchAction","target":{"@type":"EntryPoint","urlTemplate":"https:\/\/amazoniac.agency\/sl\/?s={search_term_string}"},"query-input":{"@type":"PropertyValueSpecification","valueRequired":true,"valueName":"search_term_string"}}],"inLanguage":"sl-SI"},{"@type":"Organization","@id":"https:\/\/amazoniac.agency\/sl\/#organization","name":"Amazoniac agency","url":"https:\/\/amazoniac.agency\/sl\/","logo":{"@type":"ImageObject","inLanguage":"sl-SI","@id":"https:\/\/amazoniac.agency\/sl\/#\/schema\/logo\/image\/","url":"https:\/\/amazoniac.agency\/sl\/wp-content\/uploads\/2025\/02\/Logo_FB_01.jpg","contentUrl":"https:\/\/amazoniac.agency\/sl\/wp-content\/uploads\/2025\/02\/Logo_FB_01.jpg","width":850,"height":850,"caption":"Amazoniac agency"},"image":{"@id":"https:\/\/amazoniac.agency\/sl\/#\/schema\/logo\/image\/"},"sameAs":["https:\/\/www.facebook.com\/amazoniac.agency","https:\/\/www.linkedin.com\/company\/amazoniac-agency"]}]}},"_links":{"self":[{"href":"https:\/\/amazoniac.agency\/sl\/wp-json\/wp\/v2\/pages\/210","targetHints":{"allow":["GET"]}}],"collection":[{"href":"https:\/\/amazoniac.agency\/sl\/wp-json\/wp\/v2\/pages"}],"about":[{"href":"https:\/\/amazoniac.agency\/sl\/wp-json\/wp\/v2\/types\/page"}],"author":[{"embeddable":true,"href":"https:\/\/amazoniac.agency\/sl\/wp-json\/wp\/v2\/users\/2"}],"replies":[{"embeddable":true,"href":"https:\/\/amazoniac.agency\/sl\/wp-json\/wp\/v2\/comments?post=210"}],"version-history":[{"count":2,"href":"https:\/\/amazoniac.agency\/sl\/wp-json\/wp\/v2\/pages\/210\/revisions"}],"predecessor-version":[{"id":272,"href":"https:\/\/amazoniac.agency\/sl\/wp-json\/wp\/v2\/pages\/210\/revisions\/272"}],"wp:attachment":[{"href":"https:\/\/amazoniac.agency\/sl\/wp-json\/wp\/v2\/media?parent=210"}],"curies":[{"name":"wp","href":"https:\/\/api.w.org\/{rel}","templated":true}]}}